{"id":413,"date":"2023-05-05T15:44:17","date_gmt":"2023-05-05T13:44:17","guid":{"rendered":"http:\/\/off-sailing.com\/off-basic\/"},"modified":"2025-11-18T16:27:17","modified_gmt":"2025-11-18T15:27:17","slug":"off-basic","status":"publish","type":"page","link":"https:\/\/off-sailing.com\/hr\/off-basic\/","title":{"rendered":"Off Basic"},"content":{"rendered":"<p>Svako more utje\u010de u neki ocean. I Sredozemno ili Mediteran. Mediteran ima desetak mora, od Alboranskog kojim se doti\u010de Atlantika na zapadu, do Crnog mora na istoku. Jonsko more je najdublje, Azovsko najpli\u0107e\u2026 <strong>Jadransko more<\/strong> je najsjeverniji rukavac Mediterana. U njemu je jo\u0161 jedno manje more &#8211; <strong>Murtersko<\/strong>. Tijekom <strong>Off Basic programa<\/strong>, mi jedrimo unutar i okolo ovog mora.<\/p>\n<p>Murtersko je more maleno ali mo\u017ee biti izazovno. Vjetrovito je. Naj\u010de\u0161\u0107e pu\u0161u<strong> bura<\/strong> i <strong>jugo<\/strong>, a ljeti umjereni <strong>maestral<\/strong>. Prema otvorenom moru ome\u0111eno je nacionalnim parkom Kornati, ju\u017enije granici s \u0160ibenskim arhipelagom, a sjevernije je otok \u017dut. Od kopna dijeli ga otok Murter.<\/p>\n<p><strong>Cilj osnovnog programa je ohrabriti po\u010detni\u010dku \u017eelju za jedrenjem i \u017eivotom na moru.<\/strong> Sudionici ne\u0107e nau\u010diti samo osnove jedrenja, ve\u0107 \u0107e ste\u0107i prakti\u010dno iskustvo o upravljanju jedrilicom, razumjevanju vjetra i vremenskih uvjeta te sigurnom navigiranju. Program nagla\u0161ava <strong>timski rad, sigurnost i razvijanje samopuzdanja na moru<\/strong>.<\/p>\n<p>Sudionici \u0107e nau\u010diti kako \u010ditati i koristiti karte, identificirati orijentire, tehniku osnovnog sidrenja, manevriranje pod jedrima, kra\u010denje jedara, smjerove plovidbe, jedrenje u kursu, osnovna pomorska pravila, \u010dime \u0107e ste\u0107i \u010dvrstu osnovu za budu\u0107e jedrili\u010darske avanture. Pri zavr\u0161etku programa, sudionici \u0107e imati dublje razumjevanje o jedrenju kao vje\u0161tini i na\u010dinu \u017eivota.<\/p>\n<p><strong>Cijena \u2013 750 eura po osobi (maksimum 6 ljudi)<\/strong><\/p>\n<p><em><strong>UKLJU\u010cENO<\/strong>: Brod, instruktor, program jedrenja, boravi\u0161na pristojba, gorivo, posteljina, deka, prva ve\u010dera na brodu.<\/em><\/p>\n<p><em><strong>OSTALI TRO\u0160OVI<\/strong>: Hana i pi\u0107e za posadu i instruktora za vrijeme trajanja programa, potencijalni tro\u0161kovi marine\/komunalnog veza\/bove za preno\u010di\u0161te<\/em><\/p>\n<p><em><strong>OBAVEZNA OPREMA<\/strong>: Jedril\u010darsko odjelo (gornji i donji dio), \u010dizme, vre\u0107a za spavanje<\/em><\/p>\n","protected":false},"excerpt":{"rendered":"<p>Svako more utje\u010de u neki ocean. I Sredozemno ili Mediteran. Mediteran ima desetak mora, od Alboranskog kojim se doti\u010de Atlantika na zapadu, do Crnog mora na istoku. Jonsko more je najdublje, Azovsko najpli\u0107e\u2026 Jadransko more je najsjeverniji rukavac Mediterana. U njemu je jo\u0161 jedno manje more &#8211; Murtersko. Tijekom Off Basic programa, mi jedrimo unutar [&#8230;]<\/p>\n<p><a class=\"btn btn-secondary virtualna-read-more-link\" href=\"https:\/\/off-sailing.com\/hr\/off-basic\/\">Read More&#8230;<span class=\"screen-reader-text\"> from Off Basic<\/span><\/a><\/p>\n","protected":false},"author":1,"featured_media":725,"parent":0,"menu_order":0,"comment_status":"closed","ping_status":"closed","template":"page-templates\/single-page-left-sidebar.php","meta":{"ngg_post_thumbnail":0,"footnotes":""},"class_list":["post-413","page","type-page","status-publish","has-post-thumbnail","hentry"],"acf":[],"yoast_head":"<!-- This site is optimized with the Yoast SEO plugin v26.0 - https:\/\/yoast.com\/wordpress\/plugins\/seo\/ -->\n<title>Off basic<\/title>\n<meta name=\"description\" content=\"Experience the feeling of being an active member of the crew and see the most beautiful parts of Croatian coastline.\" \/>\n<meta name=\"robots\" content=\"index, follow, max-snippet:-1, max-image-preview:large, max-video-preview:-1\" \/>\n<link rel=\"canonical\" href=\"https:\/\/off-sailing.com\/hr\/off-basic\/\" \/>\n<meta property=\"og:locale\" content=\"hr_HR\" \/>\n<meta property=\"og:type\" content=\"article\" \/>\n<meta property=\"og:title\" content=\"Off basic\" \/>\n<meta property=\"og:description\" content=\"Experience the feeling of being an active member of the crew and see the most beautiful parts of Croatian coastline.\" \/>\n<meta property=\"og:url\" content=\"https:\/\/off-sailing.com\/hr\/off-basic\/\" \/>\n<meta property=\"og:site_name\" content=\"OFF School Sailing\" \/>\n<meta property=\"article:modified_time\" content=\"2025-11-18T15:27:17+00:00\" \/>\n<meta property=\"og:image\" content=\"https:\/\/off-sailing.com\/wp-content\/uploads\/2023\/07\/off-basic-phto-scaled.jpg\" \/>\n\t<meta property=\"og:image:width\" content=\"2560\" \/>\n\t<meta property=\"og:image:height\" content=\"1441\" \/>\n\t<meta property=\"og:image:type\" content=\"image\/jpeg\" \/>\n<meta name=\"twitter:card\" content=\"summary_large_image\" \/>\n<meta name=\"twitter:label1\" content=\"Procijenjeno vrijeme \u010ditanja\" \/>\n\t<meta name=\"twitter:data1\" content=\"1 minuta\" \/>\n<script type=\"application\/ld+json\" class=\"yoast-schema-graph\">{\"@context\":\"https:\/\/schema.org\",\"@graph\":[{\"@type\":\"WebPage\",\"@id\":\"https:\/\/off-sailing.com\/hr\/off-basic\/\",\"url\":\"https:\/\/off-sailing.com\/hr\/off-basic\/\",\"name\":\"Off basic\",\"isPartOf\":{\"@id\":\"https:\/\/off-sailing.com\/#website\"},\"primaryImageOfPage\":{\"@id\":\"https:\/\/off-sailing.com\/hr\/off-basic\/#primaryimage\"},\"image\":{\"@id\":\"https:\/\/off-sailing.com\/hr\/off-basic\/#primaryimage\"},\"thumbnailUrl\":\"https:\/\/off-sailing.com\/wp-content\/uploads\/2025\/12\/IMG_2405-1-scaled-e1765306768951.jpg\",\"datePublished\":\"2023-05-05T13:44:17+00:00\",\"dateModified\":\"2025-11-18T15:27:17+00:00\",\"description\":\"Experience the feeling of being an active member of the crew and see the most beautiful parts of Croatian coastline.\",\"breadcrumb\":{\"@id\":\"https:\/\/off-sailing.com\/hr\/off-basic\/#breadcrumb\"},\"inLanguage\":\"hr\",\"potentialAction\":[{\"@type\":\"ReadAction\",\"target\":[\"https:\/\/off-sailing.com\/hr\/off-basic\/\"]}]},{\"@type\":\"ImageObject\",\"inLanguage\":\"hr\",\"@id\":\"https:\/\/off-sailing.com\/hr\/off-basic\/#primaryimage\",\"url\":\"https:\/\/off-sailing.com\/wp-content\/uploads\/2025\/12\/IMG_2405-1-scaled-e1765306768951.jpg\",\"contentUrl\":\"https:\/\/off-sailing.com\/wp-content\/uploads\/2025\/12\/IMG_2405-1-scaled-e1765306768951.jpg\",\"width\":2560,\"height\":1707},{\"@type\":\"BreadcrumbList\",\"@id\":\"https:\/\/off-sailing.com\/hr\/off-basic\/#breadcrumb\",\"itemListElement\":[{\"@type\":\"ListItem\",\"position\":1,\"name\":\"Home\",\"item\":\"https:\/\/off-sailing.com\/hr\/sailing-programs\/\"},{\"@type\":\"ListItem\",\"position\":2,\"name\":\"Off Basic\"}]},{\"@type\":\"WebSite\",\"@id\":\"https:\/\/off-sailing.com\/#website\",\"url\":\"https:\/\/off-sailing.com\/\",\"name\":\"OFF School Sailing\",\"description\":\"\",\"publisher\":{\"@id\":\"https:\/\/off-sailing.com\/#organization\"},\"potentialAction\":[{\"@type\":\"SearchAction\",\"target\":{\"@type\":\"EntryPoint\",\"urlTemplate\":\"https:\/\/off-sailing.com\/?s={search_term_string}\"},\"query-input\":{\"@type\":\"PropertyValueSpecification\",\"valueRequired\":true,\"valueName\":\"search_term_string\"}}],\"inLanguage\":\"hr\"},{\"@type\":\"Organization\",\"@id\":\"https:\/\/off-sailing.com\/#organization\",\"name\":\"OFF School Sailing\",\"url\":\"https:\/\/off-sailing.com\/\",\"logo\":{\"@type\":\"ImageObject\",\"inLanguage\":\"hr\",\"@id\":\"https:\/\/off-sailing.com\/#\/schema\/logo\/image\/\",\"url\":\"http:\/\/off-sailing.com\/wp-content\/uploads\/2023\/05\/logo_off_web.png\",\"contentUrl\":\"http:\/\/off-sailing.com\/wp-content\/uploads\/2023\/05\/logo_off_web.png\",\"width\":8700,\"height\":7812,\"caption\":\"OFF School Sailing\"},\"image\":{\"@id\":\"https:\/\/off-sailing.com\/#\/schema\/logo\/image\/\"}}]}<\/script>\n<!-- \/ Yoast SEO plugin. -->","yoast_head_json":{"title":"Off basic","description":"Experience the feeling of being an active member of the crew and see the most beautiful parts of Croatian coastline.","robots":{"index":"index","follow":"follow","max-snippet":"max-snippet:-1","max-image-preview":"max-image-preview:large","max-video-preview":"max-video-preview:-1"},"canonical":"https:\/\/off-sailing.com\/hr\/off-basic\/","og_locale":"hr_HR","og_type":"article","og_title":"Off basic","og_description":"Experience the feeling of being an active member of the crew and see the most beautiful parts of Croatian coastline.","og_url":"https:\/\/off-sailing.com\/hr\/off-basic\/","og_site_name":"OFF School Sailing","article_modified_time":"2025-11-18T15:27:17+00:00","og_image":[{"width":2560,"height":1441,"url":"https:\/\/off-sailing.com\/wp-content\/uploads\/2023\/07\/off-basic-phto-scaled.jpg","type":"image\/jpeg"}],"twitter_card":"summary_large_image","twitter_misc":{"Procijenjeno vrijeme \u010ditanja":"1 minuta"},"schema":{"@context":"https:\/\/schema.org","@graph":[{"@type":"WebPage","@id":"https:\/\/off-sailing.com\/hr\/off-basic\/","url":"https:\/\/off-sailing.com\/hr\/off-basic\/","name":"Off basic","isPartOf":{"@id":"https:\/\/off-sailing.com\/#website"},"primaryImageOfPage":{"@id":"https:\/\/off-sailing.com\/hr\/off-basic\/#primaryimage"},"image":{"@id":"https:\/\/off-sailing.com\/hr\/off-basic\/#primaryimage"},"thumbnailUrl":"https:\/\/off-sailing.com\/wp-content\/uploads\/2025\/12\/IMG_2405-1-scaled-e1765306768951.jpg","datePublished":"2023-05-05T13:44:17+00:00","dateModified":"2025-11-18T15:27:17+00:00","description":"Experience the feeling of being an active member of the crew and see the most beautiful parts of Croatian coastline.","breadcrumb":{"@id":"https:\/\/off-sailing.com\/hr\/off-basic\/#breadcrumb"},"inLanguage":"hr","potentialAction":[{"@type":"ReadAction","target":["https:\/\/off-sailing.com\/hr\/off-basic\/"]}]},{"@type":"ImageObject","inLanguage":"hr","@id":"https:\/\/off-sailing.com\/hr\/off-basic\/#primaryimage","url":"https:\/\/off-sailing.com\/wp-content\/uploads\/2025\/12\/IMG_2405-1-scaled-e1765306768951.jpg","contentUrl":"https:\/\/off-sailing.com\/wp-content\/uploads\/2025\/12\/IMG_2405-1-scaled-e1765306768951.jpg","width":2560,"height":1707},{"@type":"BreadcrumbList","@id":"https:\/\/off-sailing.com\/hr\/off-basic\/#breadcrumb","itemListElement":[{"@type":"ListItem","position":1,"name":"Home","item":"https:\/\/off-sailing.com\/hr\/sailing-programs\/"},{"@type":"ListItem","position":2,"name":"Off Basic"}]},{"@type":"WebSite","@id":"https:\/\/off-sailing.com\/#website","url":"https:\/\/off-sailing.com\/","name":"OFF School Sailing","description":"","publisher":{"@id":"https:\/\/off-sailing.com\/#organization"},"potentialAction":[{"@type":"SearchAction","target":{"@type":"EntryPoint","urlTemplate":"https:\/\/off-sailing.com\/?s={search_term_string}"},"query-input":{"@type":"PropertyValueSpecification","valueRequired":true,"valueName":"search_term_string"}}],"inLanguage":"hr"},{"@type":"Organization","@id":"https:\/\/off-sailing.com\/#organization","name":"OFF School Sailing","url":"https:\/\/off-sailing.com\/","logo":{"@type":"ImageObject","inLanguage":"hr","@id":"https:\/\/off-sailing.com\/#\/schema\/logo\/image\/","url":"http:\/\/off-sailing.com\/wp-content\/uploads\/2023\/05\/logo_off_web.png","contentUrl":"http:\/\/off-sailing.com\/wp-content\/uploads\/2023\/05\/logo_off_web.png","width":8700,"height":7812,"caption":"OFF School Sailing"},"image":{"@id":"https:\/\/off-sailing.com\/#\/schema\/logo\/image\/"}}]}},"_links":{"self":[{"href":"https:\/\/off-sailing.com\/hr\/wp-json\/wp\/v2\/pages\/413","targetHints":{"allow":["GET"]}}],"collection":[{"href":"https:\/\/off-sailing.com\/hr\/wp-json\/wp\/v2\/pages"}],"about":[{"href":"https:\/\/off-sailing.com\/hr\/wp-json\/wp\/v2\/types\/page"}],"author":[{"embeddable":true,"href":"https:\/\/off-sailing.com\/hr\/wp-json\/wp\/v2\/users\/1"}],"replies":[{"embeddable":true,"href":"https:\/\/off-sailing.com\/hr\/wp-json\/wp\/v2\/comments?post=413"}],"version-history":[{"count":8,"href":"https:\/\/off-sailing.com\/hr\/wp-json\/wp\/v2\/pages\/413\/revisions"}],"predecessor-version":[{"id":680,"href":"https:\/\/off-sailing.com\/hr\/wp-json\/wp\/v2\/pages\/413\/revisions\/680"}],"wp:featuredmedia":[{"embeddable":true,"href":"https:\/\/off-sailing.com\/hr\/wp-json\/wp\/v2\/media\/725"}],"wp:attachment":[{"href":"https:\/\/off-sailing.com\/hr\/wp-json\/wp\/v2\/media?parent=413"}],"curies":[{"name":"wp","href":"https:\/\/api.w.org\/{rel}","templated":true}]}}