{"id":416,"date":"2024-02-15T09:45:14","date_gmt":"2024-02-15T08:45:14","guid":{"rendered":"http:\/\/off-sailing.com\/sailing-programs-2\/"},"modified":"2025-12-09T19:34:20","modified_gmt":"2025-12-09T18:34:20","slug":"sailing-programs-2","status":"publish","type":"page","link":"https:\/\/off-sailing.com\/hr\/sailing-programs-2\/","title":{"rendered":"Off Programi Jedrenja"},"content":{"rendered":"<h1>Off Programi Jedrenja<\/h1>\n<p>Na svaki od na\u0161ih programa <strong>mo\u017eete se prijaviti individualno ili u grupi<\/strong>. Jedrili\u010dari koji polo\u017ee neki od na\u0161ih programa postaju \u010dlanovi <strong>Off school sailing-a<\/strong>, \u0161to \u0107e im omogu\u0107iti pogodnosti za sljede\u0107i program kojeg prijave.<\/p>\n<p>\u201c<strong>Off Po\u010detni<\/strong>\u201d i \u201c<strong>Off Napredni<\/strong>\u201d programi jedrenja osmi\u0161ljeni su kako bi pripremili pojedince da postanu konkurentni \u010dlanovi posade.<\/p>\n<p>\u201c<strong>Off Cruise<\/strong>\u201d program nudi jedrenje Jadranom uz prisustvo instruktora.&nbsp;<\/p>\n<p>\u201c<strong>Off<\/strong><strong> Masterclass<\/strong>\u201d je posljednji stadiji na\u0161i programa u smislu stjecanja novih znanja i vje\u0161tina. Ovaj program nudi mentorstvo Damira Milo\u0161a, gdje polaznici u\u010de kako postati glavna odgovorna osoba za brod i posadu, tj. kako biti skipper.<\/p>\n<p>Nekoliko puta na godinu organiziramo i \u201d<strong>Off Shore<\/strong>\u201d jedrenja, \u010diji je cilj vi\u0161ednevna plovidba sa minimalnim pristajanjima.<\/p>\n<p>\u201c<strong>Off Race<\/strong>\u201d je osmi\u0161ljen za kandidate koji \u017eele u\u010diti o regatama i prisustvovati na njima.<\/p>\n","protected":false},"excerpt":{"rendered":"<p>Off Programi Jedrenja Na svaki od na\u0161ih programa mo\u017eete se prijaviti individualno ili u grupi. Jedrili\u010dari koji polo\u017ee neki od na\u0161ih programa postaju \u010dlanovi Off school sailing-a, \u0161to \u0107e im omogu\u0107iti pogodnosti za sljede\u0107i program kojeg prijave. \u201cOff Po\u010detni\u201d i \u201cOff Napredni\u201d programi jedrenja osmi\u0161ljeni su kako bi pripremili pojedince da postanu konkurentni \u010dlanovi posade. [&#8230;]<\/p>\n<p><a class=\"btn btn-secondary virtualna-read-more-link\" href=\"https:\/\/off-sailing.com\/hr\/sailing-programs-2\/\">Read More&#8230;<span class=\"screen-reader-text\"> from Off Programi Jedrenja<\/span><\/a><\/p>\n","protected":false},"author":1,"featured_media":741,"parent":0,"menu_order":0,"comment_status":"closed","ping_status":"closed","template":"page-templates\/sailing.php","meta":{"ngg_post_thumbnail":0,"footnotes":""},"class_list":["post-416","page","type-page","status-publish","has-post-thumbnail","hentry"],"acf":[],"yoast_head":"<!-- This site is optimized with the Yoast SEO plugin v26.0 - https:\/\/yoast.com\/wordpress\/plugins\/seo\/ -->\n<title>Off Programi Jedrenja - OFF School Sailing<\/title>\n<meta name=\"robots\" content=\"index, follow, max-snippet:-1, max-image-preview:large, max-video-preview:-1\" \/>\n<link rel=\"canonical\" href=\"https:\/\/off-sailing.com\/hr\/sailing-programs-2\/\" \/>\n<meta property=\"og:locale\" content=\"hr_HR\" \/>\n<meta property=\"og:type\" content=\"article\" \/>\n<meta property=\"og:title\" content=\"Off Programi Jedrenja - OFF School Sailing\" \/>\n<meta property=\"og:description\" content=\"Off Programi Jedrenja Na svaki od na\u0161ih programa mo\u017eete se prijaviti individualno ili u grupi. Jedrili\u010dari koji polo\u017ee neki od na\u0161ih programa postaju \u010dlanovi Off school sailing-a, \u0161to \u0107e im omogu\u0107iti pogodnosti za sljede\u0107i program kojeg prijave. \u201cOff Po\u010detni\u201d i \u201cOff Napredni\u201d programi jedrenja osmi\u0161ljeni su kako bi pripremili pojedince da postanu konkurentni \u010dlanovi posade. [...]Read More... from Off Programi Jedrenja\" \/>\n<meta property=\"og:url\" content=\"https:\/\/off-sailing.com\/hr\/sailing-programs-2\/\" \/>\n<meta property=\"og:site_name\" content=\"OFF School Sailing\" \/>\n<meta property=\"article:modified_time\" content=\"2025-12-09T18:34:20+00:00\" \/>\n<meta property=\"og:image\" content=\"https:\/\/off-sailing.com\/wp-content\/uploads\/2025\/11\/FB_IMG_1713794369825-e1763458612620.jpg\" \/>\n\t<meta property=\"og:image:width\" content=\"1079\" \/>\n\t<meta property=\"og:image:height\" content=\"720\" \/>\n\t<meta property=\"og:image:type\" content=\"image\/jpeg\" \/>\n<meta name=\"twitter:card\" content=\"summary_large_image\" \/>\n<meta name=\"twitter:label1\" content=\"Procijenjeno vrijeme \u010ditanja\" \/>\n\t<meta name=\"twitter:data1\" content=\"1 minuta\" \/>\n<script type=\"application\/ld+json\" class=\"yoast-schema-graph\">{\"@context\":\"https:\/\/schema.org\",\"@graph\":[{\"@type\":\"WebPage\",\"@id\":\"https:\/\/off-sailing.com\/hr\/sailing-programs-2\/\",\"url\":\"https:\/\/off-sailing.com\/hr\/sailing-programs-2\/\",\"name\":\"Off Programi Jedrenja - OFF School Sailing\",\"isPartOf\":{\"@id\":\"https:\/\/off-sailing.com\/#website\"},\"primaryImageOfPage\":{\"@id\":\"https:\/\/off-sailing.com\/hr\/sailing-programs-2\/#primaryimage\"},\"image\":{\"@id\":\"https:\/\/off-sailing.com\/hr\/sailing-programs-2\/#primaryimage\"},\"thumbnailUrl\":\"https:\/\/off-sailing.com\/wp-content\/uploads\/2026\/01\/12-scaled-e1767891548396.jpg\",\"datePublished\":\"2024-02-15T08:45:14+00:00\",\"dateModified\":\"2025-12-09T18:34:20+00:00\",\"breadcrumb\":{\"@id\":\"https:\/\/off-sailing.com\/hr\/sailing-programs-2\/#breadcrumb\"},\"inLanguage\":\"hr\",\"potentialAction\":[{\"@type\":\"ReadAction\",\"target\":[\"https:\/\/off-sailing.com\/hr\/sailing-programs-2\/\"]}]},{\"@type\":\"ImageObject\",\"inLanguage\":\"hr\",\"@id\":\"https:\/\/off-sailing.com\/hr\/sailing-programs-2\/#primaryimage\",\"url\":\"https:\/\/off-sailing.com\/wp-content\/uploads\/2026\/01\/12-scaled-e1767891548396.jpg\",\"contentUrl\":\"https:\/\/off-sailing.com\/wp-content\/uploads\/2026\/01\/12-scaled-e1767891548396.jpg\",\"width\":2560,\"height\":1707},{\"@type\":\"BreadcrumbList\",\"@id\":\"https:\/\/off-sailing.com\/hr\/sailing-programs-2\/#breadcrumb\",\"itemListElement\":[{\"@type\":\"ListItem\",\"position\":1,\"name\":\"Home\",\"item\":\"https:\/\/off-sailing.com\/hr\/sailing-programs\/\"},{\"@type\":\"ListItem\",\"position\":2,\"name\":\"Off Programi Jedrenja\"}]},{\"@type\":\"WebSite\",\"@id\":\"https:\/\/off-sailing.com\/#website\",\"url\":\"https:\/\/off-sailing.com\/\",\"name\":\"OFF School Sailing\",\"description\":\"\",\"publisher\":{\"@id\":\"https:\/\/off-sailing.com\/#organization\"},\"potentialAction\":[{\"@type\":\"SearchAction\",\"target\":{\"@type\":\"EntryPoint\",\"urlTemplate\":\"https:\/\/off-sailing.com\/?s={search_term_string}\"},\"query-input\":{\"@type\":\"PropertyValueSpecification\",\"valueRequired\":true,\"valueName\":\"search_term_string\"}}],\"inLanguage\":\"hr\"},{\"@type\":\"Organization\",\"@id\":\"https:\/\/off-sailing.com\/#organization\",\"name\":\"OFF School Sailing\",\"url\":\"https:\/\/off-sailing.com\/\",\"logo\":{\"@type\":\"ImageObject\",\"inLanguage\":\"hr\",\"@id\":\"https:\/\/off-sailing.com\/#\/schema\/logo\/image\/\",\"url\":\"http:\/\/off-sailing.com\/wp-content\/uploads\/2023\/05\/logo_off_web.png\",\"contentUrl\":\"http:\/\/off-sailing.com\/wp-content\/uploads\/2023\/05\/logo_off_web.png\",\"width\":8700,\"height\":7812,\"caption\":\"OFF School Sailing\"},\"image\":{\"@id\":\"https:\/\/off-sailing.com\/#\/schema\/logo\/image\/\"}}]}<\/script>\n<!-- \/ Yoast SEO plugin. -->","yoast_head_json":{"title":"Off Programi Jedrenja - OFF School Sailing","robots":{"index":"index","follow":"follow","max-snippet":"max-snippet:-1","max-image-preview":"max-image-preview:large","max-video-preview":"max-video-preview:-1"},"canonical":"https:\/\/off-sailing.com\/hr\/sailing-programs-2\/","og_locale":"hr_HR","og_type":"article","og_title":"Off Programi Jedrenja - OFF School Sailing","og_description":"Off Programi Jedrenja Na svaki od na\u0161ih programa mo\u017eete se prijaviti individualno ili u grupi. Jedrili\u010dari koji polo\u017ee neki od na\u0161ih programa postaju \u010dlanovi Off school sailing-a, \u0161to \u0107e im omogu\u0107iti pogodnosti za sljede\u0107i program kojeg prijave. \u201cOff Po\u010detni\u201d i \u201cOff Napredni\u201d programi jedrenja osmi\u0161ljeni su kako bi pripremili pojedince da postanu konkurentni \u010dlanovi posade. [...]Read More... from Off Programi Jedrenja","og_url":"https:\/\/off-sailing.com\/hr\/sailing-programs-2\/","og_site_name":"OFF School Sailing","article_modified_time":"2025-12-09T18:34:20+00:00","og_image":[{"width":1079,"height":720,"url":"https:\/\/off-sailing.com\/wp-content\/uploads\/2025\/11\/FB_IMG_1713794369825-e1763458612620.jpg","type":"image\/jpeg"}],"twitter_card":"summary_large_image","twitter_misc":{"Procijenjeno vrijeme \u010ditanja":"1 minuta"},"schema":{"@context":"https:\/\/schema.org","@graph":[{"@type":"WebPage","@id":"https:\/\/off-sailing.com\/hr\/sailing-programs-2\/","url":"https:\/\/off-sailing.com\/hr\/sailing-programs-2\/","name":"Off Programi Jedrenja - OFF School Sailing","isPartOf":{"@id":"https:\/\/off-sailing.com\/#website"},"primaryImageOfPage":{"@id":"https:\/\/off-sailing.com\/hr\/sailing-programs-2\/#primaryimage"},"image":{"@id":"https:\/\/off-sailing.com\/hr\/sailing-programs-2\/#primaryimage"},"thumbnailUrl":"https:\/\/off-sailing.com\/wp-content\/uploads\/2026\/01\/12-scaled-e1767891548396.jpg","datePublished":"2024-02-15T08:45:14+00:00","dateModified":"2025-12-09T18:34:20+00:00","breadcrumb":{"@id":"https:\/\/off-sailing.com\/hr\/sailing-programs-2\/#breadcrumb"},"inLanguage":"hr","potentialAction":[{"@type":"ReadAction","target":["https:\/\/off-sailing.com\/hr\/sailing-programs-2\/"]}]},{"@type":"ImageObject","inLanguage":"hr","@id":"https:\/\/off-sailing.com\/hr\/sailing-programs-2\/#primaryimage","url":"https:\/\/off-sailing.com\/wp-content\/uploads\/2026\/01\/12-scaled-e1767891548396.jpg","contentUrl":"https:\/\/off-sailing.com\/wp-content\/uploads\/2026\/01\/12-scaled-e1767891548396.jpg","width":2560,"height":1707},{"@type":"BreadcrumbList","@id":"https:\/\/off-sailing.com\/hr\/sailing-programs-2\/#breadcrumb","itemListElement":[{"@type":"ListItem","position":1,"name":"Home","item":"https:\/\/off-sailing.com\/hr\/sailing-programs\/"},{"@type":"ListItem","position":2,"name":"Off Programi Jedrenja"}]},{"@type":"WebSite","@id":"https:\/\/off-sailing.com\/#website","url":"https:\/\/off-sailing.com\/","name":"OFF School Sailing","description":"","publisher":{"@id":"https:\/\/off-sailing.com\/#organization"},"potentialAction":[{"@type":"SearchAction","target":{"@type":"EntryPoint","urlTemplate":"https:\/\/off-sailing.com\/?s={search_term_string}"},"query-input":{"@type":"PropertyValueSpecification","valueRequired":true,"valueName":"search_term_string"}}],"inLanguage":"hr"},{"@type":"Organization","@id":"https:\/\/off-sailing.com\/#organization","name":"OFF School Sailing","url":"https:\/\/off-sailing.com\/","logo":{"@type":"ImageObject","inLanguage":"hr","@id":"https:\/\/off-sailing.com\/#\/schema\/logo\/image\/","url":"http:\/\/off-sailing.com\/wp-content\/uploads\/2023\/05\/logo_off_web.png","contentUrl":"http:\/\/off-sailing.com\/wp-content\/uploads\/2023\/05\/logo_off_web.png","width":8700,"height":7812,"caption":"OFF School Sailing"},"image":{"@id":"https:\/\/off-sailing.com\/#\/schema\/logo\/image\/"}}]}},"_links":{"self":[{"href":"https:\/\/off-sailing.com\/hr\/wp-json\/wp\/v2\/pages\/416","targetHints":{"allow":["GET"]}}],"collection":[{"href":"https:\/\/off-sailing.com\/hr\/wp-json\/wp\/v2\/pages"}],"about":[{"href":"https:\/\/off-sailing.com\/hr\/wp-json\/wp\/v2\/types\/page"}],"author":[{"embeddable":true,"href":"https:\/\/off-sailing.com\/hr\/wp-json\/wp\/v2\/users\/1"}],"replies":[{"embeddable":true,"href":"https:\/\/off-sailing.com\/hr\/wp-json\/wp\/v2\/comments?post=416"}],"version-history":[{"count":5,"href":"https:\/\/off-sailing.com\/hr\/wp-json\/wp\/v2\/pages\/416\/revisions"}],"predecessor-version":[{"id":694,"href":"https:\/\/off-sailing.com\/hr\/wp-json\/wp\/v2\/pages\/416\/revisions\/694"}],"wp:featuredmedia":[{"embeddable":true,"href":"https:\/\/off-sailing.com\/hr\/wp-json\/wp\/v2\/media\/741"}],"wp:attachment":[{"href":"https:\/\/off-sailing.com\/hr\/wp-json\/wp\/v2\/media?parent=416"}],"curies":[{"name":"wp","href":"https:\/\/api.w.org\/{rel}","templated":true}]}}