{"id":421,"date":"2023-05-05T16:12:12","date_gmt":"2023-05-05T14:12:12","guid":{"rendered":"http:\/\/off-sailing.com\/off-advanced\/"},"modified":"2025-11-20T09:18:49","modified_gmt":"2025-11-20T08:18:49","slug":"off-advanced","status":"publish","type":"page","link":"https:\/\/off-sailing.com\/hr\/off-advanced\/","title":{"rendered":"Off Advanced"},"content":{"rendered":"<p>Sudionici koji su prikupili dovoljno iskustva, s nama ii negdje drugdje, pozvani su da se prijave na <strong>Off Advanced<\/strong> program.<\/p>\n<p>Tijekom prva dva dana, sudionici ponavljaju i vje\u017ebaju po\u010detne vje\u0161tine jedrenja dok u isto vrijeme pripremaju brod i zalihe za nadolaze\u0107e priobalno jedrenje. Po\u010detna su jedrenja osmi\u0161ljena kako bi se posada me\u0111usobno upoznala te da instruktor procjeni dosada\u0161nje iskustvo i znanje o jedrenju. <\/p>\n<p>Od tre\u0107eg dana, tempo se podi\u017ee &#8211; napu\u0161tamo bazu (\u0160ibenik\/Vodice) i kre\u0107emo u plovidbu.<strong> Gradimo nove vje\u0161tine i znanja na temelju onih ve\u0107 postoje\u0107ih.<\/strong> Neki od novih su: <strong>jedrenje s gennakerom, \u010dovjek u moru, hvatanje bove pod jedrima, napredna navigacija, jedrenje s Code 0.<\/strong> <\/p>\n<p><strong>Cijena<\/strong> <strong>&#8211; \u20ac900 po osobi (maksimum 6 ljudi)<\/strong><\/p>\n<p><strong>UVJET<\/strong>: <em>Off Basic ili ekvivalentna razina znanja i iskustva<\/em><\/p>\n<p><strong>UKLJU\u010cENO<\/strong>: <em>Brod, instruktor, program jedrenja, boravi\u0161na pristojba, gorivo, posteljina, deka, prva ve\u010dera na brodu.<\/em><\/p>\n<p><strong>OSTALI TRO\u0160OVI:<\/strong> <em>Hana i pi\u0107e za posadu i instruktora za vrijeme trajanja programa, potencijalni tro\u0161kovi marine\/komunalnog veza\/bove za preno\u010di\u0161te<\/em><\/p>\n<p><strong>OBAVEZNA OPREMA<\/strong>: <em>Jedril\u010darsko odjelo (gornji i donji dio), \u010dizme, vre\u0107a za spavanje<\/em><\/p>\n","protected":false},"excerpt":{"rendered":"<p>Sudionici koji su prikupili dovoljno iskustva, s nama ii negdje drugdje, pozvani su da se prijave na Off Advanced program. Tijekom prva dva dana, sudionici ponavljaju i vje\u017ebaju po\u010detne vje\u0161tine jedrenja dok u isto vrijeme pripremaju brod i zalihe za nadolaze\u0107e priobalno jedrenje. Po\u010detna su jedrenja osmi\u0161ljena kako bi se posada me\u0111usobno upoznala te da [&#8230;]<\/p>\n<p><a class=\"btn btn-secondary virtualna-read-more-link\" href=\"https:\/\/off-sailing.com\/hr\/off-advanced\/\">Read More&#8230;<span class=\"screen-reader-text\"> from Off Advanced<\/span><\/a><\/p>\n","protected":false},"author":1,"featured_media":394,"parent":0,"menu_order":0,"comment_status":"closed","ping_status":"closed","template":"page-templates\/single-page-left-sidebar.php","meta":{"ngg_post_thumbnail":0,"footnotes":""},"class_list":["post-421","page","type-page","status-publish","has-post-thumbnail","hentry"],"acf":[],"yoast_head":"<!-- This site is optimized with the Yoast SEO plugin v26.0 - https:\/\/yoast.com\/wordpress\/plugins\/seo\/ -->\n<title>Off Advanced<\/title>\n<meta name=\"description\" content=\"OFF Advanced course\" \/>\n<meta name=\"robots\" content=\"index, follow, max-snippet:-1, max-image-preview:large, max-video-preview:-1\" \/>\n<link rel=\"canonical\" href=\"https:\/\/off-sailing.com\/hr\/off-advanced\/\" \/>\n<meta property=\"og:locale\" content=\"hr_HR\" \/>\n<meta property=\"og:type\" content=\"article\" \/>\n<meta property=\"og:title\" content=\"Off Advanced\" \/>\n<meta property=\"og:description\" content=\"OFF Advanced course\" \/>\n<meta property=\"og:url\" content=\"https:\/\/off-sailing.com\/hr\/off-advanced\/\" \/>\n<meta property=\"og:site_name\" content=\"OFF School Sailing\" \/>\n<meta property=\"article:modified_time\" content=\"2025-11-20T08:18:49+00:00\" \/>\n<meta property=\"og:image\" content=\"https:\/\/off-sailing.com\/wp-content\/uploads\/2023\/07\/advanced-suzeno.jpeg\" \/>\n\t<meta property=\"og:image:width\" content=\"1151\" \/>\n\t<meta property=\"og:image:height\" content=\"647\" \/>\n\t<meta property=\"og:image:type\" content=\"image\/jpeg\" \/>\n<meta name=\"twitter:card\" content=\"summary_large_image\" \/>\n<meta name=\"twitter:label1\" content=\"Procijenjeno vrijeme \u010ditanja\" \/>\n\t<meta name=\"twitter:data1\" content=\"1 minuta\" \/>\n<script type=\"application\/ld+json\" class=\"yoast-schema-graph\">{\"@context\":\"https:\/\/schema.org\",\"@graph\":[{\"@type\":\"WebPage\",\"@id\":\"https:\/\/off-sailing.com\/hr\/off-advanced\/\",\"url\":\"https:\/\/off-sailing.com\/hr\/off-advanced\/\",\"name\":\"Off Advanced\",\"isPartOf\":{\"@id\":\"https:\/\/off-sailing.com\/#website\"},\"primaryImageOfPage\":{\"@id\":\"https:\/\/off-sailing.com\/hr\/off-advanced\/#primaryimage\"},\"image\":{\"@id\":\"https:\/\/off-sailing.com\/hr\/off-advanced\/#primaryimage\"},\"thumbnailUrl\":\"https:\/\/off-sailing.com\/wp-content\/uploads\/2023\/07\/advanced-suzeno.jpeg\",\"datePublished\":\"2023-05-05T14:12:12+00:00\",\"dateModified\":\"2025-11-20T08:18:49+00:00\",\"description\":\"OFF Advanced course\",\"breadcrumb\":{\"@id\":\"https:\/\/off-sailing.com\/hr\/off-advanced\/#breadcrumb\"},\"inLanguage\":\"hr\",\"potentialAction\":[{\"@type\":\"ReadAction\",\"target\":[\"https:\/\/off-sailing.com\/hr\/off-advanced\/\"]}]},{\"@type\":\"ImageObject\",\"inLanguage\":\"hr\",\"@id\":\"https:\/\/off-sailing.com\/hr\/off-advanced\/#primaryimage\",\"url\":\"https:\/\/off-sailing.com\/wp-content\/uploads\/2023\/07\/advanced-suzeno.jpeg\",\"contentUrl\":\"https:\/\/off-sailing.com\/wp-content\/uploads\/2023\/07\/advanced-suzeno.jpeg\",\"width\":1151,\"height\":647},{\"@type\":\"BreadcrumbList\",\"@id\":\"https:\/\/off-sailing.com\/hr\/off-advanced\/#breadcrumb\",\"itemListElement\":[{\"@type\":\"ListItem\",\"position\":1,\"name\":\"Home\",\"item\":\"https:\/\/off-sailing.com\/hr\/sailing-programs\/\"},{\"@type\":\"ListItem\",\"position\":2,\"name\":\"Off Advanced\"}]},{\"@type\":\"WebSite\",\"@id\":\"https:\/\/off-sailing.com\/#website\",\"url\":\"https:\/\/off-sailing.com\/\",\"name\":\"OFF School Sailing\",\"description\":\"\",\"publisher\":{\"@id\":\"https:\/\/off-sailing.com\/#organization\"},\"potentialAction\":[{\"@type\":\"SearchAction\",\"target\":{\"@type\":\"EntryPoint\",\"urlTemplate\":\"https:\/\/off-sailing.com\/?s={search_term_string}\"},\"query-input\":{\"@type\":\"PropertyValueSpecification\",\"valueRequired\":true,\"valueName\":\"search_term_string\"}}],\"inLanguage\":\"hr\"},{\"@type\":\"Organization\",\"@id\":\"https:\/\/off-sailing.com\/#organization\",\"name\":\"OFF School Sailing\",\"url\":\"https:\/\/off-sailing.com\/\",\"logo\":{\"@type\":\"ImageObject\",\"inLanguage\":\"hr\",\"@id\":\"https:\/\/off-sailing.com\/#\/schema\/logo\/image\/\",\"url\":\"http:\/\/off-sailing.com\/wp-content\/uploads\/2023\/05\/logo_off_web.png\",\"contentUrl\":\"http:\/\/off-sailing.com\/wp-content\/uploads\/2023\/05\/logo_off_web.png\",\"width\":8700,\"height\":7812,\"caption\":\"OFF School Sailing\"},\"image\":{\"@id\":\"https:\/\/off-sailing.com\/#\/schema\/logo\/image\/\"}}]}<\/script>\n<!-- \/ Yoast SEO plugin. -->","yoast_head_json":{"title":"Off Advanced","description":"OFF Advanced course","robots":{"index":"index","follow":"follow","max-snippet":"max-snippet:-1","max-image-preview":"max-image-preview:large","max-video-preview":"max-video-preview:-1"},"canonical":"https:\/\/off-sailing.com\/hr\/off-advanced\/","og_locale":"hr_HR","og_type":"article","og_title":"Off Advanced","og_description":"OFF Advanced course","og_url":"https:\/\/off-sailing.com\/hr\/off-advanced\/","og_site_name":"OFF School Sailing","article_modified_time":"2025-11-20T08:18:49+00:00","og_image":[{"width":1151,"height":647,"url":"https:\/\/off-sailing.com\/wp-content\/uploads\/2023\/07\/advanced-suzeno.jpeg","type":"image\/jpeg"}],"twitter_card":"summary_large_image","twitter_misc":{"Procijenjeno vrijeme \u010ditanja":"1 minuta"},"schema":{"@context":"https:\/\/schema.org","@graph":[{"@type":"WebPage","@id":"https:\/\/off-sailing.com\/hr\/off-advanced\/","url":"https:\/\/off-sailing.com\/hr\/off-advanced\/","name":"Off Advanced","isPartOf":{"@id":"https:\/\/off-sailing.com\/#website"},"primaryImageOfPage":{"@id":"https:\/\/off-sailing.com\/hr\/off-advanced\/#primaryimage"},"image":{"@id":"https:\/\/off-sailing.com\/hr\/off-advanced\/#primaryimage"},"thumbnailUrl":"https:\/\/off-sailing.com\/wp-content\/uploads\/2023\/07\/advanced-suzeno.jpeg","datePublished":"2023-05-05T14:12:12+00:00","dateModified":"2025-11-20T08:18:49+00:00","description":"OFF Advanced course","breadcrumb":{"@id":"https:\/\/off-sailing.com\/hr\/off-advanced\/#breadcrumb"},"inLanguage":"hr","potentialAction":[{"@type":"ReadAction","target":["https:\/\/off-sailing.com\/hr\/off-advanced\/"]}]},{"@type":"ImageObject","inLanguage":"hr","@id":"https:\/\/off-sailing.com\/hr\/off-advanced\/#primaryimage","url":"https:\/\/off-sailing.com\/wp-content\/uploads\/2023\/07\/advanced-suzeno.jpeg","contentUrl":"https:\/\/off-sailing.com\/wp-content\/uploads\/2023\/07\/advanced-suzeno.jpeg","width":1151,"height":647},{"@type":"BreadcrumbList","@id":"https:\/\/off-sailing.com\/hr\/off-advanced\/#breadcrumb","itemListElement":[{"@type":"ListItem","position":1,"name":"Home","item":"https:\/\/off-sailing.com\/hr\/sailing-programs\/"},{"@type":"ListItem","position":2,"name":"Off Advanced"}]},{"@type":"WebSite","@id":"https:\/\/off-sailing.com\/#website","url":"https:\/\/off-sailing.com\/","name":"OFF School Sailing","description":"","publisher":{"@id":"https:\/\/off-sailing.com\/#organization"},"potentialAction":[{"@type":"SearchAction","target":{"@type":"EntryPoint","urlTemplate":"https:\/\/off-sailing.com\/?s={search_term_string}"},"query-input":{"@type":"PropertyValueSpecification","valueRequired":true,"valueName":"search_term_string"}}],"inLanguage":"hr"},{"@type":"Organization","@id":"https:\/\/off-sailing.com\/#organization","name":"OFF School Sailing","url":"https:\/\/off-sailing.com\/","logo":{"@type":"ImageObject","inLanguage":"hr","@id":"https:\/\/off-sailing.com\/#\/schema\/logo\/image\/","url":"http:\/\/off-sailing.com\/wp-content\/uploads\/2023\/05\/logo_off_web.png","contentUrl":"http:\/\/off-sailing.com\/wp-content\/uploads\/2023\/05\/logo_off_web.png","width":8700,"height":7812,"caption":"OFF School Sailing"},"image":{"@id":"https:\/\/off-sailing.com\/#\/schema\/logo\/image\/"}}]}},"_links":{"self":[{"href":"https:\/\/off-sailing.com\/hr\/wp-json\/wp\/v2\/pages\/421","targetHints":{"allow":["GET"]}}],"collection":[{"href":"https:\/\/off-sailing.com\/hr\/wp-json\/wp\/v2\/pages"}],"about":[{"href":"https:\/\/off-sailing.com\/hr\/wp-json\/wp\/v2\/types\/page"}],"author":[{"embeddable":true,"href":"https:\/\/off-sailing.com\/hr\/wp-json\/wp\/v2\/users\/1"}],"replies":[{"embeddable":true,"href":"https:\/\/off-sailing.com\/hr\/wp-json\/wp\/v2\/comments?post=421"}],"version-history":[{"count":3,"href":"https:\/\/off-sailing.com\/hr\/wp-json\/wp\/v2\/pages\/421\/revisions"}],"predecessor-version":[{"id":683,"href":"https:\/\/off-sailing.com\/hr\/wp-json\/wp\/v2\/pages\/421\/revisions\/683"}],"wp:featuredmedia":[{"embeddable":true,"href":"https:\/\/off-sailing.com\/hr\/wp-json\/wp\/v2\/media\/394"}],"wp:attachment":[{"href":"https:\/\/off-sailing.com\/hr\/wp-json\/wp\/v2\/media?parent=421"}],"curies":[{"name":"wp","href":"https:\/\/api.w.org\/{rel}","templated":true}]}}