{"id":425,"date":"2023-05-05T15:44:38","date_gmt":"2023-05-05T13:44:38","guid":{"rendered":"http:\/\/off-sailing.com\/off-skipper\/"},"modified":"2025-12-08T22:25:05","modified_gmt":"2025-12-08T21:25:05","slug":"off-skipper","status":"publish","type":"page","link":"https:\/\/off-sailing.com\/hr\/off-skipper\/","title":{"rendered":"Off Masterclass"},"content":{"rendered":"<p>Cilj programa \u201c<strong>Off Masterclass<\/strong>\u201d jest usvojiti jedrili\u010darske vje\u0161tine i znanja koja omogu\u0107uju polazniku da preuzme <strong>potpunu odgovornost za posadu i brod<\/strong>, neovisno o iskustvu posade. Na svakom pojedincu je da odlu\u010di kako \u0107e najbolje iskoristiti te vje\u0161tine \u2013 bilo za posao, regatavanje, krstarenje ili jedrenje oko svijeta.<\/p>\n<p>Me\u0111u jedrili\u010darske vje\u0161tine koje polaznik treba usvojiti ubrajamo:<\/p>\n<ul>\n<li><strong>Potpunu kontrolu jedrilice pod jedrima u svim vremenskim uvjetima.<\/strong><\/li>\n<li><strong>Pravovremenu pripremu jedrilice i posade za konkretne vremenske prilike.<\/strong><\/li>\n<li><strong>Planiranje rute s obzirom na o\u010dekivane vremenske prilike.<\/strong><\/li>\n<li><strong>Provjeru tehni\u010dke ispravnosti jedrilice.<\/strong><\/li>\n<li><strong>Kori\u0161tenje postoje\u0107e elektronike u navigaciji (GPS, autopilot)<\/strong><\/li>\n<li><strong>Dobro poznavanje terestri\u010dke navigacije.<\/strong><\/li>\n<li><strong>Odabir sidri\u0161ta na osnovu poznavanja meteorolo\u0161ke situacije i prognoze.<\/strong><\/li>\n<\/ul>\n<p><strong>Cjena (7 dana) &#8211; 1300 eura po osobi (max 6 ljudi)<\/strong><\/p>\n<p><em><strong>UKLJU\u010cENO<\/strong>: Brod, instruktor, program jedrenja, boravi\u0161na pristojba, gorivo, posteljina, deka, prva ve\u010dera na brodu.<\/em><\/p>\n<p><em><strong>OSTALI TRO\u0160OVI<\/strong>: Hana i pi\u0107e za posadu i instruktora za vrijeme trajanja programa, potencijalni tro\u0161kovi marine\/komunalnog veza\/bove za preno\u010di\u0161te<\/em><\/p>\n<p><em><strong>OBAVEZNA OPREMA<\/strong>: Jedril\u010darsko odjelo (gornji i donji dio), \u010dizme, vre\u0107a za spavanje<\/em><\/p>\n","protected":false},"excerpt":{"rendered":"<p>Cilj programa \u201cOff Masterclass\u201d jest usvojiti jedrili\u010darske vje\u0161tine i znanja koja omogu\u0107uju polazniku da preuzme potpunu odgovornost za posadu i brod, neovisno o iskustvu posade. Na svakom pojedincu je da odlu\u010di kako \u0107e najbolje iskoristiti te vje\u0161tine \u2013 bilo za posao, regatavanje, krstarenje ili jedrenje oko svijeta. Me\u0111u jedrili\u010darske vje\u0161tine koje polaznik treba usvojiti ubrajamo: [&#8230;]<\/p>\n<p><a class=\"btn btn-secondary virtualna-read-more-link\" href=\"https:\/\/off-sailing.com\/hr\/off-skipper\/\">Read More&#8230;<span class=\"screen-reader-text\"> from Off Masterclass<\/span><\/a><\/p>\n","protected":false},"author":1,"featured_media":381,"parent":0,"menu_order":0,"comment_status":"closed","ping_status":"closed","template":"page-templates\/single-page-left-sidebar.php","meta":{"ngg_post_thumbnail":0,"footnotes":""},"class_list":["post-425","page","type-page","status-publish","has-post-thumbnail","hentry"],"acf":[],"yoast_head":"<!-- This site is optimized with the Yoast SEO plugin v26.0 - https:\/\/yoast.com\/wordpress\/plugins\/seo\/ -->\n<title>Off skipper<\/title>\n<meta name=\"description\" content=\"The skipper program led by Damir Milo\u0161 will prepare the participants to navigate safely and independently with other crew members on their own or rented sailboat.\" \/>\n<meta name=\"robots\" content=\"index, follow, max-snippet:-1, max-image-preview:large, max-video-preview:-1\" \/>\n<link rel=\"canonical\" href=\"https:\/\/off-sailing.com\/hr\/off-skipper\/\" \/>\n<meta property=\"og:locale\" content=\"hr_HR\" \/>\n<meta property=\"og:type\" content=\"article\" \/>\n<meta property=\"og:title\" content=\"Off skipper\" \/>\n<meta property=\"og:description\" content=\"The skipper program led by Damir Milo\u0161 will prepare the participants to navigate safely and independently with other crew members on their own or rented sailboat.\" \/>\n<meta property=\"og:url\" content=\"https:\/\/off-sailing.com\/hr\/off-skipper\/\" \/>\n<meta property=\"og:site_name\" content=\"OFF School Sailing\" \/>\n<meta property=\"article:modified_time\" content=\"2025-12-08T21:25:05+00:00\" \/>\n<meta property=\"og:image\" content=\"https:\/\/off-sailing.com\/wp-content\/uploads\/2023\/05\/OFFSAILING_4.jpg\" \/>\n\t<meta property=\"og:image:width\" content=\"1300\" \/>\n\t<meta property=\"og:image:height\" content=\"450\" \/>\n\t<meta property=\"og:image:type\" content=\"image\/jpeg\" \/>\n<meta name=\"twitter:card\" content=\"summary_large_image\" \/>\n<meta name=\"twitter:label1\" content=\"Procijenjeno vrijeme \u010ditanja\" \/>\n\t<meta name=\"twitter:data1\" content=\"1 minuta\" \/>\n<script type=\"application\/ld+json\" class=\"yoast-schema-graph\">{\"@context\":\"https:\/\/schema.org\",\"@graph\":[{\"@type\":\"WebPage\",\"@id\":\"https:\/\/off-sailing.com\/hr\/off-skipper\/\",\"url\":\"https:\/\/off-sailing.com\/hr\/off-skipper\/\",\"name\":\"Off skipper\",\"isPartOf\":{\"@id\":\"https:\/\/off-sailing.com\/#website\"},\"primaryImageOfPage\":{\"@id\":\"https:\/\/off-sailing.com\/hr\/off-skipper\/#primaryimage\"},\"image\":{\"@id\":\"https:\/\/off-sailing.com\/hr\/off-skipper\/#primaryimage\"},\"thumbnailUrl\":\"https:\/\/off-sailing.com\/wp-content\/uploads\/2023\/05\/OFFSAILING_4.jpg\",\"datePublished\":\"2023-05-05T13:44:38+00:00\",\"dateModified\":\"2025-12-08T21:25:05+00:00\",\"description\":\"The skipper program led by Damir Milo\u0161 will prepare the participants to navigate safely and independently with other crew members on their own or rented sailboat.\",\"breadcrumb\":{\"@id\":\"https:\/\/off-sailing.com\/hr\/off-skipper\/#breadcrumb\"},\"inLanguage\":\"hr\",\"potentialAction\":[{\"@type\":\"ReadAction\",\"target\":[\"https:\/\/off-sailing.com\/hr\/off-skipper\/\"]}]},{\"@type\":\"ImageObject\",\"inLanguage\":\"hr\",\"@id\":\"https:\/\/off-sailing.com\/hr\/off-skipper\/#primaryimage\",\"url\":\"https:\/\/off-sailing.com\/wp-content\/uploads\/2023\/05\/OFFSAILING_4.jpg\",\"contentUrl\":\"https:\/\/off-sailing.com\/wp-content\/uploads\/2023\/05\/OFFSAILING_4.jpg\",\"width\":1300,\"height\":450},{\"@type\":\"BreadcrumbList\",\"@id\":\"https:\/\/off-sailing.com\/hr\/off-skipper\/#breadcrumb\",\"itemListElement\":[{\"@type\":\"ListItem\",\"position\":1,\"name\":\"Home\",\"item\":\"https:\/\/off-sailing.com\/hr\/sailing-programs\/\"},{\"@type\":\"ListItem\",\"position\":2,\"name\":\"Off Masterclass\"}]},{\"@type\":\"WebSite\",\"@id\":\"https:\/\/off-sailing.com\/#website\",\"url\":\"https:\/\/off-sailing.com\/\",\"name\":\"OFF School Sailing\",\"description\":\"\",\"publisher\":{\"@id\":\"https:\/\/off-sailing.com\/#organization\"},\"potentialAction\":[{\"@type\":\"SearchAction\",\"target\":{\"@type\":\"EntryPoint\",\"urlTemplate\":\"https:\/\/off-sailing.com\/?s={search_term_string}\"},\"query-input\":{\"@type\":\"PropertyValueSpecification\",\"valueRequired\":true,\"valueName\":\"search_term_string\"}}],\"inLanguage\":\"hr\"},{\"@type\":\"Organization\",\"@id\":\"https:\/\/off-sailing.com\/#organization\",\"name\":\"OFF School Sailing\",\"url\":\"https:\/\/off-sailing.com\/\",\"logo\":{\"@type\":\"ImageObject\",\"inLanguage\":\"hr\",\"@id\":\"https:\/\/off-sailing.com\/#\/schema\/logo\/image\/\",\"url\":\"http:\/\/off-sailing.com\/wp-content\/uploads\/2023\/05\/logo_off_web.png\",\"contentUrl\":\"http:\/\/off-sailing.com\/wp-content\/uploads\/2023\/05\/logo_off_web.png\",\"width\":8700,\"height\":7812,\"caption\":\"OFF School Sailing\"},\"image\":{\"@id\":\"https:\/\/off-sailing.com\/#\/schema\/logo\/image\/\"}}]}<\/script>\n<!-- \/ Yoast SEO plugin. -->","yoast_head_json":{"title":"Off skipper","description":"The skipper program led by Damir Milo\u0161 will prepare the participants to navigate safely and independently with other crew members on their own or rented sailboat.","robots":{"index":"index","follow":"follow","max-snippet":"max-snippet:-1","max-image-preview":"max-image-preview:large","max-video-preview":"max-video-preview:-1"},"canonical":"https:\/\/off-sailing.com\/hr\/off-skipper\/","og_locale":"hr_HR","og_type":"article","og_title":"Off skipper","og_description":"The skipper program led by Damir Milo\u0161 will prepare the participants to navigate safely and independently with other crew members on their own or rented sailboat.","og_url":"https:\/\/off-sailing.com\/hr\/off-skipper\/","og_site_name":"OFF School Sailing","article_modified_time":"2025-12-08T21:25:05+00:00","og_image":[{"width":1300,"height":450,"url":"https:\/\/off-sailing.com\/wp-content\/uploads\/2023\/05\/OFFSAILING_4.jpg","type":"image\/jpeg"}],"twitter_card":"summary_large_image","twitter_misc":{"Procijenjeno vrijeme \u010ditanja":"1 minuta"},"schema":{"@context":"https:\/\/schema.org","@graph":[{"@type":"WebPage","@id":"https:\/\/off-sailing.com\/hr\/off-skipper\/","url":"https:\/\/off-sailing.com\/hr\/off-skipper\/","name":"Off skipper","isPartOf":{"@id":"https:\/\/off-sailing.com\/#website"},"primaryImageOfPage":{"@id":"https:\/\/off-sailing.com\/hr\/off-skipper\/#primaryimage"},"image":{"@id":"https:\/\/off-sailing.com\/hr\/off-skipper\/#primaryimage"},"thumbnailUrl":"https:\/\/off-sailing.com\/wp-content\/uploads\/2023\/05\/OFFSAILING_4.jpg","datePublished":"2023-05-05T13:44:38+00:00","dateModified":"2025-12-08T21:25:05+00:00","description":"The skipper program led by Damir Milo\u0161 will prepare the participants to navigate safely and independently with other crew members on their own or rented sailboat.","breadcrumb":{"@id":"https:\/\/off-sailing.com\/hr\/off-skipper\/#breadcrumb"},"inLanguage":"hr","potentialAction":[{"@type":"ReadAction","target":["https:\/\/off-sailing.com\/hr\/off-skipper\/"]}]},{"@type":"ImageObject","inLanguage":"hr","@id":"https:\/\/off-sailing.com\/hr\/off-skipper\/#primaryimage","url":"https:\/\/off-sailing.com\/wp-content\/uploads\/2023\/05\/OFFSAILING_4.jpg","contentUrl":"https:\/\/off-sailing.com\/wp-content\/uploads\/2023\/05\/OFFSAILING_4.jpg","width":1300,"height":450},{"@type":"BreadcrumbList","@id":"https:\/\/off-sailing.com\/hr\/off-skipper\/#breadcrumb","itemListElement":[{"@type":"ListItem","position":1,"name":"Home","item":"https:\/\/off-sailing.com\/hr\/sailing-programs\/"},{"@type":"ListItem","position":2,"name":"Off Masterclass"}]},{"@type":"WebSite","@id":"https:\/\/off-sailing.com\/#website","url":"https:\/\/off-sailing.com\/","name":"OFF School Sailing","description":"","publisher":{"@id":"https:\/\/off-sailing.com\/#organization"},"potentialAction":[{"@type":"SearchAction","target":{"@type":"EntryPoint","urlTemplate":"https:\/\/off-sailing.com\/?s={search_term_string}"},"query-input":{"@type":"PropertyValueSpecification","valueRequired":true,"valueName":"search_term_string"}}],"inLanguage":"hr"},{"@type":"Organization","@id":"https:\/\/off-sailing.com\/#organization","name":"OFF School Sailing","url":"https:\/\/off-sailing.com\/","logo":{"@type":"ImageObject","inLanguage":"hr","@id":"https:\/\/off-sailing.com\/#\/schema\/logo\/image\/","url":"http:\/\/off-sailing.com\/wp-content\/uploads\/2023\/05\/logo_off_web.png","contentUrl":"http:\/\/off-sailing.com\/wp-content\/uploads\/2023\/05\/logo_off_web.png","width":8700,"height":7812,"caption":"OFF School Sailing"},"image":{"@id":"https:\/\/off-sailing.com\/#\/schema\/logo\/image\/"}}]}},"_links":{"self":[{"href":"https:\/\/off-sailing.com\/hr\/wp-json\/wp\/v2\/pages\/425","targetHints":{"allow":["GET"]}}],"collection":[{"href":"https:\/\/off-sailing.com\/hr\/wp-json\/wp\/v2\/pages"}],"about":[{"href":"https:\/\/off-sailing.com\/hr\/wp-json\/wp\/v2\/types\/page"}],"author":[{"embeddable":true,"href":"https:\/\/off-sailing.com\/hr\/wp-json\/wp\/v2\/users\/1"}],"replies":[{"embeddable":true,"href":"https:\/\/off-sailing.com\/hr\/wp-json\/wp\/v2\/comments?post=425"}],"version-history":[{"count":3,"href":"https:\/\/off-sailing.com\/hr\/wp-json\/wp\/v2\/pages\/425\/revisions"}],"predecessor-version":[{"id":695,"href":"https:\/\/off-sailing.com\/hr\/wp-json\/wp\/v2\/pages\/425\/revisions\/695"}],"wp:featuredmedia":[{"embeddable":true,"href":"https:\/\/off-sailing.com\/hr\/wp-json\/wp\/v2\/media\/381"}],"wp:attachment":[{"href":"https:\/\/off-sailing.com\/hr\/wp-json\/wp\/v2\/media?parent=425"}],"curies":[{"name":"wp","href":"https:\/\/api.w.org\/{rel}","templated":true}]}}