{"id":431,"date":"2024-02-14T14:40:48","date_gmt":"2024-02-14T13:40:48","guid":{"rendered":"http:\/\/off-sailing.com\/off-shore\/"},"modified":"2026-02-06T12:34:11","modified_gmt":"2026-02-06T11:34:11","slug":"off-shore","status":"publish","type":"page","link":"https:\/\/off-sailing.com\/hr\/off-shore\/","title":{"rendered":"Off Shore"},"content":{"rendered":"<p>Program \u201c<strong>Off Shore<\/strong>\u201d namijenjen je svima koji su zainteresirani za <strong>pu\u010dinsku navigaciju<\/strong>. Cilj je jednostavan \u2013 kroz vi\u0161ednevno jedrenje s minimalnim zaustavljanjima sti\u0107i do \u017eeljene destinacije. Naj\u010de\u0161\u0107e se radi o trans-jadranskom jedrenju do Italije i hrvatskih pu\u010dinskih otoka poput Palagru\u017ee, Su\u0161ca, Bi\u0161eva, Brusnika, Sv. Andrije i Jabuke.   <\/p>\n<p>Ako vremenski uvjeti dopu\u0161taju, jedrimo i dalje \u2013 prema Otrantu, Santa Maria di Leuci, Krfu, Malti, Siciliji, a mo\u017eda i jo\u0161 dalje\u2026 tko zna.<\/p>\n<p><strong>Cijena: 1300 eura po osobi (maks. 5 osoba)<\/strong><\/p>\n<p><strong>UVJET:<\/strong> Off Advanced ili odgovaraju\u0107a razina znanja<\/p>\n<p><em><strong>UKLJU\u010cENO<\/strong>: Brod, instruktor, program jedrenja, boravi\u0161na pristojba, gorivo, posteljina, deka, prva ve\u010dera na brodu.<\/em><\/p>\n<p><em><strong>OSTALI TRO\u0160OVI<\/strong>: Hana i pi\u0107e za posadu i instruktora za vrijeme trajanja programa, potencijalni tro\u0161kovi marine\/komunalnog veza\/bove za preno\u010di\u0161te<\/em><\/p>\n<p><em><strong>OBAVEZNA OPREMA<\/strong>: Jedril\u010darsko odjelo (gornji i donji dio), \u010dizme, vre\u0107a za spavanje<\/em><\/p>\n","protected":false},"excerpt":{"rendered":"<p>Program \u201cOff Shore\u201d namijenjen je svima koji su zainteresirani za pu\u010dinsku navigaciju. Cilj je jednostavan \u2013 kroz vi\u0161ednevno jedrenje s minimalnim zaustavljanjima sti\u0107i do \u017eeljene destinacije. Naj\u010de\u0161\u0107e se radi o trans-jadranskom jedrenju do Italije i hrvatskih pu\u010dinskih otoka poput Palagru\u017ee, Su\u0161ca, Bi\u0161eva, Brusnika, Sv. Andrije i Jabuke. Ako vremenski uvjeti dopu\u0161taju, jedrimo i dalje \u2013 [&#8230;]<\/p>\n<p><a class=\"btn btn-secondary virtualna-read-more-link\" href=\"https:\/\/off-sailing.com\/hr\/off-shore\/\">Read More&#8230;<span class=\"screen-reader-text\"> from Off Shore<\/span><\/a><\/p>\n","protected":false},"author":1,"featured_media":637,"parent":0,"menu_order":0,"comment_status":"closed","ping_status":"closed","template":"page-templates\/single-page-left-sidebar.php","meta":{"ngg_post_thumbnail":0,"footnotes":""},"class_list":["post-431","page","type-page","status-publish","has-post-thumbnail","hentry"],"acf":[],"yoast_head":"<!-- This site is optimized with the Yoast SEO plugin v26.0 - https:\/\/yoast.com\/wordpress\/plugins\/seo\/ -->\n<title>Off Shore - OFF School Sailing<\/title>\n<meta name=\"robots\" content=\"index, follow, max-snippet:-1, max-image-preview:large, max-video-preview:-1\" \/>\n<link rel=\"canonical\" href=\"https:\/\/off-sailing.com\/hr\/off-shore\/\" \/>\n<meta property=\"og:locale\" content=\"hr_HR\" \/>\n<meta property=\"og:type\" content=\"article\" \/>\n<meta property=\"og:title\" content=\"Off Shore - OFF School Sailing\" \/>\n<meta property=\"og:description\" content=\"Program \u201cOff Shore\u201d namijenjen je svima koji su zainteresirani za pu\u010dinsku navigaciju. Cilj je jednostavan \u2013 kroz vi\u0161ednevno jedrenje s minimalnim zaustavljanjima sti\u0107i do \u017eeljene destinacije. Naj\u010de\u0161\u0107e se radi o trans-jadranskom jedrenju do Italije i hrvatskih pu\u010dinskih otoka poput Palagru\u017ee, Su\u0161ca, Bi\u0161eva, Brusnika, Sv. Andrije i Jabuke. Ako vremenski uvjeti dopu\u0161taju, jedrimo i dalje \u2013 [...]Read More... from Off Shore\" \/>\n<meta property=\"og:url\" content=\"https:\/\/off-sailing.com\/hr\/off-shore\/\" \/>\n<meta property=\"og:site_name\" content=\"OFF School Sailing\" \/>\n<meta property=\"article:modified_time\" content=\"2026-02-06T11:34:11+00:00\" \/>\n<meta property=\"og:image\" content=\"https:\/\/off-sailing.com\/wp-content\/uploads\/2025\/11\/20240506_091105-scaled-e1763460956510.jpg\" \/>\n\t<meta property=\"og:image:width\" content=\"2560\" \/>\n\t<meta property=\"og:image:height\" content=\"1441\" \/>\n\t<meta property=\"og:image:type\" content=\"image\/jpeg\" \/>\n<meta name=\"twitter:card\" content=\"summary_large_image\" \/>\n<meta name=\"twitter:label1\" content=\"Procijenjeno vrijeme \u010ditanja\" \/>\n\t<meta name=\"twitter:data1\" content=\"1 minuta\" \/>\n<script type=\"application\/ld+json\" class=\"yoast-schema-graph\">{\"@context\":\"https:\/\/schema.org\",\"@graph\":[{\"@type\":\"WebPage\",\"@id\":\"https:\/\/off-sailing.com\/hr\/off-shore\/\",\"url\":\"https:\/\/off-sailing.com\/hr\/off-shore\/\",\"name\":\"Off Shore - OFF School Sailing\",\"isPartOf\":{\"@id\":\"https:\/\/off-sailing.com\/#website\"},\"primaryImageOfPage\":{\"@id\":\"https:\/\/off-sailing.com\/hr\/off-shore\/#primaryimage\"},\"image\":{\"@id\":\"https:\/\/off-sailing.com\/hr\/off-shore\/#primaryimage\"},\"thumbnailUrl\":\"https:\/\/off-sailing.com\/wp-content\/uploads\/2025\/11\/20240506_091105-scaled-e1763460956510.jpg\",\"datePublished\":\"2024-02-14T13:40:48+00:00\",\"dateModified\":\"2026-02-06T11:34:11+00:00\",\"breadcrumb\":{\"@id\":\"https:\/\/off-sailing.com\/hr\/off-shore\/#breadcrumb\"},\"inLanguage\":\"hr\",\"potentialAction\":[{\"@type\":\"ReadAction\",\"target\":[\"https:\/\/off-sailing.com\/hr\/off-shore\/\"]}]},{\"@type\":\"ImageObject\",\"inLanguage\":\"hr\",\"@id\":\"https:\/\/off-sailing.com\/hr\/off-shore\/#primaryimage\",\"url\":\"https:\/\/off-sailing.com\/wp-content\/uploads\/2025\/11\/20240506_091105-scaled-e1763460956510.jpg\",\"contentUrl\":\"https:\/\/off-sailing.com\/wp-content\/uploads\/2025\/11\/20240506_091105-scaled-e1763460956510.jpg\",\"width\":2560,\"height\":1441},{\"@type\":\"BreadcrumbList\",\"@id\":\"https:\/\/off-sailing.com\/hr\/off-shore\/#breadcrumb\",\"itemListElement\":[{\"@type\":\"ListItem\",\"position\":1,\"name\":\"Home\",\"item\":\"https:\/\/off-sailing.com\/hr\/sailing-programs\/\"},{\"@type\":\"ListItem\",\"position\":2,\"name\":\"Off Shore\"}]},{\"@type\":\"WebSite\",\"@id\":\"https:\/\/off-sailing.com\/#website\",\"url\":\"https:\/\/off-sailing.com\/\",\"name\":\"OFF School Sailing\",\"description\":\"\",\"publisher\":{\"@id\":\"https:\/\/off-sailing.com\/#organization\"},\"potentialAction\":[{\"@type\":\"SearchAction\",\"target\":{\"@type\":\"EntryPoint\",\"urlTemplate\":\"https:\/\/off-sailing.com\/?s={search_term_string}\"},\"query-input\":{\"@type\":\"PropertyValueSpecification\",\"valueRequired\":true,\"valueName\":\"search_term_string\"}}],\"inLanguage\":\"hr\"},{\"@type\":\"Organization\",\"@id\":\"https:\/\/off-sailing.com\/#organization\",\"name\":\"OFF School Sailing\",\"url\":\"https:\/\/off-sailing.com\/\",\"logo\":{\"@type\":\"ImageObject\",\"inLanguage\":\"hr\",\"@id\":\"https:\/\/off-sailing.com\/#\/schema\/logo\/image\/\",\"url\":\"http:\/\/off-sailing.com\/wp-content\/uploads\/2023\/05\/logo_off_web.png\",\"contentUrl\":\"http:\/\/off-sailing.com\/wp-content\/uploads\/2023\/05\/logo_off_web.png\",\"width\":8700,\"height\":7812,\"caption\":\"OFF School Sailing\"},\"image\":{\"@id\":\"https:\/\/off-sailing.com\/#\/schema\/logo\/image\/\"}}]}<\/script>\n<!-- \/ Yoast SEO plugin. -->","yoast_head_json":{"title":"Off Shore - OFF School Sailing","robots":{"index":"index","follow":"follow","max-snippet":"max-snippet:-1","max-image-preview":"max-image-preview:large","max-video-preview":"max-video-preview:-1"},"canonical":"https:\/\/off-sailing.com\/hr\/off-shore\/","og_locale":"hr_HR","og_type":"article","og_title":"Off Shore - OFF School Sailing","og_description":"Program \u201cOff Shore\u201d namijenjen je svima koji su zainteresirani za pu\u010dinsku navigaciju. Cilj je jednostavan \u2013 kroz vi\u0161ednevno jedrenje s minimalnim zaustavljanjima sti\u0107i do \u017eeljene destinacije. Naj\u010de\u0161\u0107e se radi o trans-jadranskom jedrenju do Italije i hrvatskih pu\u010dinskih otoka poput Palagru\u017ee, Su\u0161ca, Bi\u0161eva, Brusnika, Sv. Andrije i Jabuke. Ako vremenski uvjeti dopu\u0161taju, jedrimo i dalje \u2013 [...]Read More... from Off Shore","og_url":"https:\/\/off-sailing.com\/hr\/off-shore\/","og_site_name":"OFF School Sailing","article_modified_time":"2026-02-06T11:34:11+00:00","og_image":[{"width":2560,"height":1441,"url":"https:\/\/off-sailing.com\/wp-content\/uploads\/2025\/11\/20240506_091105-scaled-e1763460956510.jpg","type":"image\/jpeg"}],"twitter_card":"summary_large_image","twitter_misc":{"Procijenjeno vrijeme \u010ditanja":"1 minuta"},"schema":{"@context":"https:\/\/schema.org","@graph":[{"@type":"WebPage","@id":"https:\/\/off-sailing.com\/hr\/off-shore\/","url":"https:\/\/off-sailing.com\/hr\/off-shore\/","name":"Off Shore - OFF School Sailing","isPartOf":{"@id":"https:\/\/off-sailing.com\/#website"},"primaryImageOfPage":{"@id":"https:\/\/off-sailing.com\/hr\/off-shore\/#primaryimage"},"image":{"@id":"https:\/\/off-sailing.com\/hr\/off-shore\/#primaryimage"},"thumbnailUrl":"https:\/\/off-sailing.com\/wp-content\/uploads\/2025\/11\/20240506_091105-scaled-e1763460956510.jpg","datePublished":"2024-02-14T13:40:48+00:00","dateModified":"2026-02-06T11:34:11+00:00","breadcrumb":{"@id":"https:\/\/off-sailing.com\/hr\/off-shore\/#breadcrumb"},"inLanguage":"hr","potentialAction":[{"@type":"ReadAction","target":["https:\/\/off-sailing.com\/hr\/off-shore\/"]}]},{"@type":"ImageObject","inLanguage":"hr","@id":"https:\/\/off-sailing.com\/hr\/off-shore\/#primaryimage","url":"https:\/\/off-sailing.com\/wp-content\/uploads\/2025\/11\/20240506_091105-scaled-e1763460956510.jpg","contentUrl":"https:\/\/off-sailing.com\/wp-content\/uploads\/2025\/11\/20240506_091105-scaled-e1763460956510.jpg","width":2560,"height":1441},{"@type":"BreadcrumbList","@id":"https:\/\/off-sailing.com\/hr\/off-shore\/#breadcrumb","itemListElement":[{"@type":"ListItem","position":1,"name":"Home","item":"https:\/\/off-sailing.com\/hr\/sailing-programs\/"},{"@type":"ListItem","position":2,"name":"Off Shore"}]},{"@type":"WebSite","@id":"https:\/\/off-sailing.com\/#website","url":"https:\/\/off-sailing.com\/","name":"OFF School Sailing","description":"","publisher":{"@id":"https:\/\/off-sailing.com\/#organization"},"potentialAction":[{"@type":"SearchAction","target":{"@type":"EntryPoint","urlTemplate":"https:\/\/off-sailing.com\/?s={search_term_string}"},"query-input":{"@type":"PropertyValueSpecification","valueRequired":true,"valueName":"search_term_string"}}],"inLanguage":"hr"},{"@type":"Organization","@id":"https:\/\/off-sailing.com\/#organization","name":"OFF School Sailing","url":"https:\/\/off-sailing.com\/","logo":{"@type":"ImageObject","inLanguage":"hr","@id":"https:\/\/off-sailing.com\/#\/schema\/logo\/image\/","url":"http:\/\/off-sailing.com\/wp-content\/uploads\/2023\/05\/logo_off_web.png","contentUrl":"http:\/\/off-sailing.com\/wp-content\/uploads\/2023\/05\/logo_off_web.png","width":8700,"height":7812,"caption":"OFF School Sailing"},"image":{"@id":"https:\/\/off-sailing.com\/#\/schema\/logo\/image\/"}}]}},"_links":{"self":[{"href":"https:\/\/off-sailing.com\/hr\/wp-json\/wp\/v2\/pages\/431","targetHints":{"allow":["GET"]}}],"collection":[{"href":"https:\/\/off-sailing.com\/hr\/wp-json\/wp\/v2\/pages"}],"about":[{"href":"https:\/\/off-sailing.com\/hr\/wp-json\/wp\/v2\/types\/page"}],"author":[{"embeddable":true,"href":"https:\/\/off-sailing.com\/hr\/wp-json\/wp\/v2\/users\/1"}],"replies":[{"embeddable":true,"href":"https:\/\/off-sailing.com\/hr\/wp-json\/wp\/v2\/comments?post=431"}],"version-history":[{"count":3,"href":"https:\/\/off-sailing.com\/hr\/wp-json\/wp\/v2\/pages\/431\/revisions"}],"predecessor-version":[{"id":815,"href":"https:\/\/off-sailing.com\/hr\/wp-json\/wp\/v2\/pages\/431\/revisions\/815"}],"wp:featuredmedia":[{"embeddable":true,"href":"https:\/\/off-sailing.com\/hr\/wp-json\/wp\/v2\/media\/637"}],"wp:attachment":[{"href":"https:\/\/off-sailing.com\/hr\/wp-json\/wp\/v2\/media?parent=431"}],"curies":[{"name":"wp","href":"https:\/\/api.w.org\/{rel}","templated":true}]}}