{"id":436,"date":"2023-05-08T14:42:25","date_gmt":"2023-05-08T12:42:25","guid":{"rendered":"http:\/\/off-sailing.com\/where-we-are\/"},"modified":"2025-12-09T18:50:44","modified_gmt":"2025-12-09T17:50:44","slug":"where-we-are","status":"publish","type":"page","link":"https:\/\/off-sailing.com\/hr\/where-we-are\/","title":{"rendered":"Lokacija &amp; Brod"},"content":{"rendered":"<p>Jadransko more je na\u0161 dnevni boravak. Tijekom no\u0107enja zaklon pronalazimo me\u0111u brojnim otocima \u2013 od Elafita na jugu Jadrana do kvarnerskih otoka na sjeveru. Na\u0161a jedrenja mogu zapo\u010deti bilo gdje na Jadranu. Dosada\u0161nje iskustvo pokazuje da naj\u010de\u0161\u0107e kre\u0107emo iz <strong>\u0161ibenskog akvatorija<\/strong>: iz \u0160ibenika, Vodica, Tribunja, Jezera\u2026 Razlog tome je blizina oto\u010dja iznimno privla\u010dnog za jedrili\u010dare \u2013 Kornati i \u0161ibenski arhipelag. Brojni otoci omogu\u0107uju nam jedrenje bez obzira na vremenske uvjete, jer su otoci najbolja zakloni\u0161ta za jedrili\u010dare. Za\u0161ti\u0107enost uvala jamci bezbri\u017ean odmor od dnevnih avantura. Za\u0161ti\u0107ene uvale garantiraju bezbri\u017ean odmor nakon dnevnih avantura. Iako jedrimo tijekom cijele godine, posebno u\u017eivamo u zimskim jedrenjima, kad na moru susre\u0107emo samo kolege jedrili\u010dare.<\/p>\n<h2>Bura<\/h2>\n<p>Na\u0161 dom je zapravo na\u0161 brod \u2013 <strong>Bura<\/strong>, ju\u017enoafri\u010dki racer\/cruiser od 42 stope. Brza jedrilica s puno udobnosti. Izra\u0111ena je 2002. godine za regatu preko ju\u017enog Atlantika, izme\u0111u Cape Towna i S\u00e3o Paula. Gra\u0111ena je za ocean. Zato s Burom mo\u017eemo u\u017eivati i u obalnim, ali i u dugim pu\u010dinskim jedrenjima.<\/p>\n<p>Bura ima <strong>3 kabine<\/strong>, svaka za 2 osobe, opremljenu kuhinju, salon s stolom koji se mo\u017ee pretvoriti u dodatni le\u017eaj te jedan toalet. Veliki kokpit s preklopnim stolom. <strong>Na na\u0161e programe primamo maksimalno 6 osoba.<\/strong><\/p>\n<p>Oprema uklju\u010duje: Webasto grijanje, Volvo motor od 27 KS, solarne panele, 220V inverter, spremnik za 180 l slatke vode, 2 hladnjaka (bez zamrziva\u010da).<\/p>\n<p><strong>Jedra: glavno jedro, roll genova, gennaker, spinaker, Code 0, olujni flok.<\/strong><\/p>\n<p>&nbsp;<\/p>\n","protected":false},"excerpt":{"rendered":"<p>Jadransko more je na\u0161 dnevni boravak. Tijekom no\u0107enja zaklon pronalazimo me\u0111u brojnim otocima \u2013 od Elafita na jugu Jadrana do kvarnerskih otoka na sjeveru. Na\u0161a jedrenja mogu zapo\u010deti bilo gdje na Jadranu. Dosada\u0161nje iskustvo pokazuje da naj\u010de\u0161\u0107e kre\u0107emo iz \u0161ibenskog akvatorija: iz \u0160ibenika, Vodica, Tribunja, Jezera\u2026 Razlog tome je blizina oto\u010dja iznimno privla\u010dnog za jedrili\u010dare [&#8230;]<\/p>\n<p><a class=\"btn btn-secondary virtualna-read-more-link\" href=\"https:\/\/off-sailing.com\/hr\/where-we-are\/\">Read More&#8230;<span class=\"screen-reader-text\"> from Lokacija &amp; Brod<\/span><\/a><\/p>\n","protected":false},"author":1,"featured_media":743,"parent":0,"menu_order":0,"comment_status":"closed","ping_status":"closed","template":"page-templates\/single-page.php","meta":{"ngg_post_thumbnail":0,"footnotes":""},"class_list":["post-436","page","type-page","status-publish","has-post-thumbnail","hentry"],"acf":[],"yoast_head":"<!-- This site is optimized with the Yoast SEO plugin v26.0 - https:\/\/yoast.com\/wordpress\/plugins\/seo\/ -->\n<title>Lokacija &amp; Brod - OFF School Sailing<\/title>\n<meta name=\"robots\" content=\"index, follow, max-snippet:-1, max-image-preview:large, max-video-preview:-1\" \/>\n<link rel=\"canonical\" href=\"https:\/\/off-sailing.com\/hr\/where-we-are\/\" \/>\n<meta property=\"og:locale\" content=\"hr_HR\" \/>\n<meta property=\"og:type\" content=\"article\" \/>\n<meta property=\"og:title\" content=\"Lokacija &amp; Brod - OFF School Sailing\" \/>\n<meta property=\"og:description\" content=\"Jadransko more je na\u0161 dnevni boravak. Tijekom no\u0107enja zaklon pronalazimo me\u0111u brojnim otocima \u2013 od Elafita na jugu Jadrana do kvarnerskih otoka na sjeveru. Na\u0161a jedrenja mogu zapo\u010deti bilo gdje na Jadranu. Dosada\u0161nje iskustvo pokazuje da naj\u010de\u0161\u0107e kre\u0107emo iz \u0161ibenskog akvatorija: iz \u0160ibenika, Vodica, Tribunja, Jezera\u2026 Razlog tome je blizina oto\u010dja iznimno privla\u010dnog za jedrili\u010dare [...]Read More... from Lokacija &amp; Brod\" \/>\n<meta property=\"og:url\" content=\"https:\/\/off-sailing.com\/hr\/where-we-are\/\" \/>\n<meta property=\"og:site_name\" content=\"OFF School Sailing\" \/>\n<meta property=\"article:modified_time\" content=\"2025-12-09T17:50:44+00:00\" \/>\n<meta property=\"og:image\" content=\"https:\/\/off-sailing.com\/wp-content\/uploads\/2023\/05\/OFFSAILING_5.jpg\" \/>\n\t<meta property=\"og:image:width\" content=\"1300\" \/>\n\t<meta property=\"og:image:height\" content=\"450\" \/>\n\t<meta property=\"og:image:type\" content=\"image\/jpeg\" \/>\n<meta name=\"twitter:card\" content=\"summary_large_image\" \/>\n<meta name=\"twitter:label1\" content=\"Procijenjeno vrijeme \u010ditanja\" \/>\n\t<meta name=\"twitter:data1\" content=\"1 minuta\" \/>\n<script type=\"application\/ld+json\" class=\"yoast-schema-graph\">{\"@context\":\"https:\/\/schema.org\",\"@graph\":[{\"@type\":\"WebPage\",\"@id\":\"https:\/\/off-sailing.com\/hr\/where-we-are\/\",\"url\":\"https:\/\/off-sailing.com\/hr\/where-we-are\/\",\"name\":\"Lokacija &amp; Brod - OFF School Sailing\",\"isPartOf\":{\"@id\":\"https:\/\/off-sailing.com\/#website\"},\"primaryImageOfPage\":{\"@id\":\"https:\/\/off-sailing.com\/hr\/where-we-are\/#primaryimage\"},\"image\":{\"@id\":\"https:\/\/off-sailing.com\/hr\/where-we-are\/#primaryimage\"},\"thumbnailUrl\":\"https:\/\/off-sailing.com\/wp-content\/uploads\/2026\/01\/20-scaled-e1767892116247.jpg\",\"datePublished\":\"2023-05-08T12:42:25+00:00\",\"dateModified\":\"2025-12-09T17:50:44+00:00\",\"breadcrumb\":{\"@id\":\"https:\/\/off-sailing.com\/hr\/where-we-are\/#breadcrumb\"},\"inLanguage\":\"hr\",\"potentialAction\":[{\"@type\":\"ReadAction\",\"target\":[\"https:\/\/off-sailing.com\/hr\/where-we-are\/\"]}]},{\"@type\":\"ImageObject\",\"inLanguage\":\"hr\",\"@id\":\"https:\/\/off-sailing.com\/hr\/where-we-are\/#primaryimage\",\"url\":\"https:\/\/off-sailing.com\/wp-content\/uploads\/2026\/01\/20-scaled-e1767892116247.jpg\",\"contentUrl\":\"https:\/\/off-sailing.com\/wp-content\/uploads\/2026\/01\/20-scaled-e1767892116247.jpg\",\"width\":2560,\"height\":1707},{\"@type\":\"BreadcrumbList\",\"@id\":\"https:\/\/off-sailing.com\/hr\/where-we-are\/#breadcrumb\",\"itemListElement\":[{\"@type\":\"ListItem\",\"position\":1,\"name\":\"Home\",\"item\":\"https:\/\/off-sailing.com\/hr\/sailing-programs\/\"},{\"@type\":\"ListItem\",\"position\":2,\"name\":\"Lokacija &amp; Brod\"}]},{\"@type\":\"WebSite\",\"@id\":\"https:\/\/off-sailing.com\/#website\",\"url\":\"https:\/\/off-sailing.com\/\",\"name\":\"OFF School Sailing\",\"description\":\"\",\"publisher\":{\"@id\":\"https:\/\/off-sailing.com\/#organization\"},\"potentialAction\":[{\"@type\":\"SearchAction\",\"target\":{\"@type\":\"EntryPoint\",\"urlTemplate\":\"https:\/\/off-sailing.com\/?s={search_term_string}\"},\"query-input\":{\"@type\":\"PropertyValueSpecification\",\"valueRequired\":true,\"valueName\":\"search_term_string\"}}],\"inLanguage\":\"hr\"},{\"@type\":\"Organization\",\"@id\":\"https:\/\/off-sailing.com\/#organization\",\"name\":\"OFF School Sailing\",\"url\":\"https:\/\/off-sailing.com\/\",\"logo\":{\"@type\":\"ImageObject\",\"inLanguage\":\"hr\",\"@id\":\"https:\/\/off-sailing.com\/#\/schema\/logo\/image\/\",\"url\":\"http:\/\/off-sailing.com\/wp-content\/uploads\/2023\/05\/logo_off_web.png\",\"contentUrl\":\"http:\/\/off-sailing.com\/wp-content\/uploads\/2023\/05\/logo_off_web.png\",\"width\":8700,\"height\":7812,\"caption\":\"OFF School Sailing\"},\"image\":{\"@id\":\"https:\/\/off-sailing.com\/#\/schema\/logo\/image\/\"}}]}<\/script>\n<!-- \/ Yoast SEO plugin. -->","yoast_head_json":{"title":"Lokacija &amp; Brod - OFF School Sailing","robots":{"index":"index","follow":"follow","max-snippet":"max-snippet:-1","max-image-preview":"max-image-preview:large","max-video-preview":"max-video-preview:-1"},"canonical":"https:\/\/off-sailing.com\/hr\/where-we-are\/","og_locale":"hr_HR","og_type":"article","og_title":"Lokacija &amp; Brod - OFF School Sailing","og_description":"Jadransko more je na\u0161 dnevni boravak. Tijekom no\u0107enja zaklon pronalazimo me\u0111u brojnim otocima \u2013 od Elafita na jugu Jadrana do kvarnerskih otoka na sjeveru. Na\u0161a jedrenja mogu zapo\u010deti bilo gdje na Jadranu. Dosada\u0161nje iskustvo pokazuje da naj\u010de\u0161\u0107e kre\u0107emo iz \u0161ibenskog akvatorija: iz \u0160ibenika, Vodica, Tribunja, Jezera\u2026 Razlog tome je blizina oto\u010dja iznimno privla\u010dnog za jedrili\u010dare [...]Read More... from Lokacija &amp; Brod","og_url":"https:\/\/off-sailing.com\/hr\/where-we-are\/","og_site_name":"OFF School Sailing","article_modified_time":"2025-12-09T17:50:44+00:00","og_image":[{"width":1300,"height":450,"url":"https:\/\/off-sailing.com\/wp-content\/uploads\/2023\/05\/OFFSAILING_5.jpg","type":"image\/jpeg"}],"twitter_card":"summary_large_image","twitter_misc":{"Procijenjeno vrijeme \u010ditanja":"1 minuta"},"schema":{"@context":"https:\/\/schema.org","@graph":[{"@type":"WebPage","@id":"https:\/\/off-sailing.com\/hr\/where-we-are\/","url":"https:\/\/off-sailing.com\/hr\/where-we-are\/","name":"Lokacija &amp; Brod - OFF School Sailing","isPartOf":{"@id":"https:\/\/off-sailing.com\/#website"},"primaryImageOfPage":{"@id":"https:\/\/off-sailing.com\/hr\/where-we-are\/#primaryimage"},"image":{"@id":"https:\/\/off-sailing.com\/hr\/where-we-are\/#primaryimage"},"thumbnailUrl":"https:\/\/off-sailing.com\/wp-content\/uploads\/2026\/01\/20-scaled-e1767892116247.jpg","datePublished":"2023-05-08T12:42:25+00:00","dateModified":"2025-12-09T17:50:44+00:00","breadcrumb":{"@id":"https:\/\/off-sailing.com\/hr\/where-we-are\/#breadcrumb"},"inLanguage":"hr","potentialAction":[{"@type":"ReadAction","target":["https:\/\/off-sailing.com\/hr\/where-we-are\/"]}]},{"@type":"ImageObject","inLanguage":"hr","@id":"https:\/\/off-sailing.com\/hr\/where-we-are\/#primaryimage","url":"https:\/\/off-sailing.com\/wp-content\/uploads\/2026\/01\/20-scaled-e1767892116247.jpg","contentUrl":"https:\/\/off-sailing.com\/wp-content\/uploads\/2026\/01\/20-scaled-e1767892116247.jpg","width":2560,"height":1707},{"@type":"BreadcrumbList","@id":"https:\/\/off-sailing.com\/hr\/where-we-are\/#breadcrumb","itemListElement":[{"@type":"ListItem","position":1,"name":"Home","item":"https:\/\/off-sailing.com\/hr\/sailing-programs\/"},{"@type":"ListItem","position":2,"name":"Lokacija &amp; Brod"}]},{"@type":"WebSite","@id":"https:\/\/off-sailing.com\/#website","url":"https:\/\/off-sailing.com\/","name":"OFF School Sailing","description":"","publisher":{"@id":"https:\/\/off-sailing.com\/#organization"},"potentialAction":[{"@type":"SearchAction","target":{"@type":"EntryPoint","urlTemplate":"https:\/\/off-sailing.com\/?s={search_term_string}"},"query-input":{"@type":"PropertyValueSpecification","valueRequired":true,"valueName":"search_term_string"}}],"inLanguage":"hr"},{"@type":"Organization","@id":"https:\/\/off-sailing.com\/#organization","name":"OFF School Sailing","url":"https:\/\/off-sailing.com\/","logo":{"@type":"ImageObject","inLanguage":"hr","@id":"https:\/\/off-sailing.com\/#\/schema\/logo\/image\/","url":"http:\/\/off-sailing.com\/wp-content\/uploads\/2023\/05\/logo_off_web.png","contentUrl":"http:\/\/off-sailing.com\/wp-content\/uploads\/2023\/05\/logo_off_web.png","width":8700,"height":7812,"caption":"OFF School Sailing"},"image":{"@id":"https:\/\/off-sailing.com\/#\/schema\/logo\/image\/"}}]}},"_links":{"self":[{"href":"https:\/\/off-sailing.com\/hr\/wp-json\/wp\/v2\/pages\/436","targetHints":{"allow":["GET"]}}],"collection":[{"href":"https:\/\/off-sailing.com\/hr\/wp-json\/wp\/v2\/pages"}],"about":[{"href":"https:\/\/off-sailing.com\/hr\/wp-json\/wp\/v2\/types\/page"}],"author":[{"embeddable":true,"href":"https:\/\/off-sailing.com\/hr\/wp-json\/wp\/v2\/users\/1"}],"replies":[{"embeddable":true,"href":"https:\/\/off-sailing.com\/hr\/wp-json\/wp\/v2\/comments?post=436"}],"version-history":[{"count":9,"href":"https:\/\/off-sailing.com\/hr\/wp-json\/wp\/v2\/pages\/436\/revisions"}],"predecessor-version":[{"id":703,"href":"https:\/\/off-sailing.com\/hr\/wp-json\/wp\/v2\/pages\/436\/revisions\/703"}],"wp:featuredmedia":[{"embeddable":true,"href":"https:\/\/off-sailing.com\/hr\/wp-json\/wp\/v2\/media\/743"}],"wp:attachment":[{"href":"https:\/\/off-sailing.com\/hr\/wp-json\/wp\/v2\/media?parent=436"}],"curies":[{"name":"wp","href":"https:\/\/api.w.org\/{rel}","templated":true}]}}