{"id":439,"date":"2024-02-13T13:22:00","date_gmt":"2024-02-13T12:22:00","guid":{"rendered":"http:\/\/off-sailing.com\/booking\/"},"modified":"2025-12-09T19:29:23","modified_gmt":"2025-12-09T18:29:23","slug":"booking","status":"publish","type":"page","link":"https:\/\/off-sailing.com\/hr\/booking\/","title":{"rendered":"Booking"},"content":{"rendered":"<p><strong>Odaberite program<\/strong> koji odgovara va\u0161oj razini znanja i interesu, zatim <strong>odaberite termin<\/strong>, koji \u0107e vas odvesti na kontakt obrazac.&nbsp;<\/p>\n<p>Ako vam <strong>ponu\u0111eni termini<\/strong> ne odgovaraju \u2013 nema problema. U <strong>kontakt obrascu<\/strong> predlo\u017eite po\u010detni datum bilo kojeg programa koji preferirate.<\/p>\n","protected":false},"excerpt":{"rendered":"<p>Odaberite program koji odgovara va\u0161oj razini znanja i interesu, zatim odaberite termin, koji \u0107e vas odvesti na kontakt obrazac.&nbsp; Ako vam ponu\u0111eni termini ne odgovaraju \u2013 nema problema. U kontakt obrascu predlo\u017eite po\u010detni datum bilo kojeg programa koji preferirate. [&#8230;]<\/p>\n<p><a class=\"btn btn-secondary virtualna-read-more-link\" href=\"https:\/\/off-sailing.com\/hr\/booking\/\">Read More&#8230;<span class=\"screen-reader-text\"> from Booking<\/span><\/a><\/p>\n","protected":false},"author":1,"featured_media":663,"parent":0,"menu_order":0,"comment_status":"closed","ping_status":"closed","template":"page-templates\/booking.php","meta":{"ngg_post_thumbnail":0,"footnotes":""},"class_list":["post-439","page","type-page","status-publish","has-post-thumbnail","hentry"],"acf":[],"yoast_head":"<!-- This site is optimized with the Yoast SEO plugin v26.0 - https:\/\/yoast.com\/wordpress\/plugins\/seo\/ -->\n<title>Booking - OFF School Sailing<\/title>\n<meta name=\"robots\" content=\"index, follow, max-snippet:-1, max-image-preview:large, max-video-preview:-1\" \/>\n<link rel=\"canonical\" href=\"https:\/\/off-sailing.com\/hr\/booking\/\" \/>\n<meta property=\"og:locale\" content=\"hr_HR\" \/>\n<meta property=\"og:type\" content=\"article\" \/>\n<meta property=\"og:title\" content=\"Booking - OFF School Sailing\" \/>\n<meta property=\"og:description\" content=\"Odaberite program koji odgovara va\u0161oj razini znanja i interesu, zatim odaberite termin, koji \u0107e vas odvesti na kontakt obrazac.&nbsp; Ako vam ponu\u0111eni termini ne odgovaraju \u2013 nema problema. U kontakt obrascu predlo\u017eite po\u010detni datum bilo kojeg programa koji preferirate. [...]Read More... from Booking\" \/>\n<meta property=\"og:url\" content=\"https:\/\/off-sailing.com\/hr\/booking\/\" \/>\n<meta property=\"og:site_name\" content=\"OFF School Sailing\" \/>\n<meta property=\"article:modified_time\" content=\"2025-12-09T18:29:23+00:00\" \/>\n<meta property=\"og:image\" content=\"https:\/\/off-sailing.com\/wp-content\/uploads\/2025\/11\/IMG-20231211-WA0004-e1763460716891.jpg\" \/>\n\t<meta property=\"og:image:width\" content=\"2000\" \/>\n\t<meta property=\"og:image:height\" content=\"1500\" \/>\n\t<meta property=\"og:image:type\" content=\"image\/jpeg\" \/>\n<meta name=\"twitter:card\" content=\"summary_large_image\" \/>\n<script type=\"application\/ld+json\" class=\"yoast-schema-graph\">{\"@context\":\"https:\/\/schema.org\",\"@graph\":[{\"@type\":\"WebPage\",\"@id\":\"https:\/\/off-sailing.com\/hr\/booking\/\",\"url\":\"https:\/\/off-sailing.com\/hr\/booking\/\",\"name\":\"Booking - OFF School Sailing\",\"isPartOf\":{\"@id\":\"https:\/\/off-sailing.com\/#website\"},\"primaryImageOfPage\":{\"@id\":\"https:\/\/off-sailing.com\/hr\/booking\/#primaryimage\"},\"image\":{\"@id\":\"https:\/\/off-sailing.com\/hr\/booking\/#primaryimage\"},\"thumbnailUrl\":\"https:\/\/off-sailing.com\/wp-content\/uploads\/2025\/11\/IMG-20231211-WA0004-e1763460716891.jpg\",\"datePublished\":\"2024-02-13T12:22:00+00:00\",\"dateModified\":\"2025-12-09T18:29:23+00:00\",\"breadcrumb\":{\"@id\":\"https:\/\/off-sailing.com\/hr\/booking\/#breadcrumb\"},\"inLanguage\":\"hr\",\"potentialAction\":[{\"@type\":\"ReadAction\",\"target\":[\"https:\/\/off-sailing.com\/hr\/booking\/\"]}]},{\"@type\":\"ImageObject\",\"inLanguage\":\"hr\",\"@id\":\"https:\/\/off-sailing.com\/hr\/booking\/#primaryimage\",\"url\":\"https:\/\/off-sailing.com\/wp-content\/uploads\/2025\/11\/IMG-20231211-WA0004-e1763460716891.jpg\",\"contentUrl\":\"https:\/\/off-sailing.com\/wp-content\/uploads\/2025\/11\/IMG-20231211-WA0004-e1763460716891.jpg\",\"width\":2000,\"height\":1500},{\"@type\":\"BreadcrumbList\",\"@id\":\"https:\/\/off-sailing.com\/hr\/booking\/#breadcrumb\",\"itemListElement\":[{\"@type\":\"ListItem\",\"position\":1,\"name\":\"Home\",\"item\":\"https:\/\/off-sailing.com\/hr\/sailing-programs\/\"},{\"@type\":\"ListItem\",\"position\":2,\"name\":\"Booking\"}]},{\"@type\":\"WebSite\",\"@id\":\"https:\/\/off-sailing.com\/#website\",\"url\":\"https:\/\/off-sailing.com\/\",\"name\":\"OFF School Sailing\",\"description\":\"\",\"publisher\":{\"@id\":\"https:\/\/off-sailing.com\/#organization\"},\"potentialAction\":[{\"@type\":\"SearchAction\",\"target\":{\"@type\":\"EntryPoint\",\"urlTemplate\":\"https:\/\/off-sailing.com\/?s={search_term_string}\"},\"query-input\":{\"@type\":\"PropertyValueSpecification\",\"valueRequired\":true,\"valueName\":\"search_term_string\"}}],\"inLanguage\":\"hr\"},{\"@type\":\"Organization\",\"@id\":\"https:\/\/off-sailing.com\/#organization\",\"name\":\"OFF School Sailing\",\"url\":\"https:\/\/off-sailing.com\/\",\"logo\":{\"@type\":\"ImageObject\",\"inLanguage\":\"hr\",\"@id\":\"https:\/\/off-sailing.com\/#\/schema\/logo\/image\/\",\"url\":\"http:\/\/off-sailing.com\/wp-content\/uploads\/2023\/05\/logo_off_web.png\",\"contentUrl\":\"http:\/\/off-sailing.com\/wp-content\/uploads\/2023\/05\/logo_off_web.png\",\"width\":8700,\"height\":7812,\"caption\":\"OFF School Sailing\"},\"image\":{\"@id\":\"https:\/\/off-sailing.com\/#\/schema\/logo\/image\/\"}}]}<\/script>\n<!-- \/ Yoast SEO plugin. -->","yoast_head_json":{"title":"Booking - OFF School Sailing","robots":{"index":"index","follow":"follow","max-snippet":"max-snippet:-1","max-image-preview":"max-image-preview:large","max-video-preview":"max-video-preview:-1"},"canonical":"https:\/\/off-sailing.com\/hr\/booking\/","og_locale":"hr_HR","og_type":"article","og_title":"Booking - OFF School Sailing","og_description":"Odaberite program koji odgovara va\u0161oj razini znanja i interesu, zatim odaberite termin, koji \u0107e vas odvesti na kontakt obrazac.&nbsp; Ako vam ponu\u0111eni termini ne odgovaraju \u2013 nema problema. U kontakt obrascu predlo\u017eite po\u010detni datum bilo kojeg programa koji preferirate. [...]Read More... from Booking","og_url":"https:\/\/off-sailing.com\/hr\/booking\/","og_site_name":"OFF School Sailing","article_modified_time":"2025-12-09T18:29:23+00:00","og_image":[{"width":2000,"height":1500,"url":"https:\/\/off-sailing.com\/wp-content\/uploads\/2025\/11\/IMG-20231211-WA0004-e1763460716891.jpg","type":"image\/jpeg"}],"twitter_card":"summary_large_image","schema":{"@context":"https:\/\/schema.org","@graph":[{"@type":"WebPage","@id":"https:\/\/off-sailing.com\/hr\/booking\/","url":"https:\/\/off-sailing.com\/hr\/booking\/","name":"Booking - OFF School Sailing","isPartOf":{"@id":"https:\/\/off-sailing.com\/#website"},"primaryImageOfPage":{"@id":"https:\/\/off-sailing.com\/hr\/booking\/#primaryimage"},"image":{"@id":"https:\/\/off-sailing.com\/hr\/booking\/#primaryimage"},"thumbnailUrl":"https:\/\/off-sailing.com\/wp-content\/uploads\/2025\/11\/IMG-20231211-WA0004-e1763460716891.jpg","datePublished":"2024-02-13T12:22:00+00:00","dateModified":"2025-12-09T18:29:23+00:00","breadcrumb":{"@id":"https:\/\/off-sailing.com\/hr\/booking\/#breadcrumb"},"inLanguage":"hr","potentialAction":[{"@type":"ReadAction","target":["https:\/\/off-sailing.com\/hr\/booking\/"]}]},{"@type":"ImageObject","inLanguage":"hr","@id":"https:\/\/off-sailing.com\/hr\/booking\/#primaryimage","url":"https:\/\/off-sailing.com\/wp-content\/uploads\/2025\/11\/IMG-20231211-WA0004-e1763460716891.jpg","contentUrl":"https:\/\/off-sailing.com\/wp-content\/uploads\/2025\/11\/IMG-20231211-WA0004-e1763460716891.jpg","width":2000,"height":1500},{"@type":"BreadcrumbList","@id":"https:\/\/off-sailing.com\/hr\/booking\/#breadcrumb","itemListElement":[{"@type":"ListItem","position":1,"name":"Home","item":"https:\/\/off-sailing.com\/hr\/sailing-programs\/"},{"@type":"ListItem","position":2,"name":"Booking"}]},{"@type":"WebSite","@id":"https:\/\/off-sailing.com\/#website","url":"https:\/\/off-sailing.com\/","name":"OFF School Sailing","description":"","publisher":{"@id":"https:\/\/off-sailing.com\/#organization"},"potentialAction":[{"@type":"SearchAction","target":{"@type":"EntryPoint","urlTemplate":"https:\/\/off-sailing.com\/?s={search_term_string}"},"query-input":{"@type":"PropertyValueSpecification","valueRequired":true,"valueName":"search_term_string"}}],"inLanguage":"hr"},{"@type":"Organization","@id":"https:\/\/off-sailing.com\/#organization","name":"OFF School Sailing","url":"https:\/\/off-sailing.com\/","logo":{"@type":"ImageObject","inLanguage":"hr","@id":"https:\/\/off-sailing.com\/#\/schema\/logo\/image\/","url":"http:\/\/off-sailing.com\/wp-content\/uploads\/2023\/05\/logo_off_web.png","contentUrl":"http:\/\/off-sailing.com\/wp-content\/uploads\/2023\/05\/logo_off_web.png","width":8700,"height":7812,"caption":"OFF School Sailing"},"image":{"@id":"https:\/\/off-sailing.com\/#\/schema\/logo\/image\/"}}]}},"_links":{"self":[{"href":"https:\/\/off-sailing.com\/hr\/wp-json\/wp\/v2\/pages\/439","targetHints":{"allow":["GET"]}}],"collection":[{"href":"https:\/\/off-sailing.com\/hr\/wp-json\/wp\/v2\/pages"}],"about":[{"href":"https:\/\/off-sailing.com\/hr\/wp-json\/wp\/v2\/types\/page"}],"author":[{"embeddable":true,"href":"https:\/\/off-sailing.com\/hr\/wp-json\/wp\/v2\/users\/1"}],"replies":[{"embeddable":true,"href":"https:\/\/off-sailing.com\/hr\/wp-json\/wp\/v2\/comments?post=439"}],"version-history":[{"count":2,"href":"https:\/\/off-sailing.com\/hr\/wp-json\/wp\/v2\/pages\/439\/revisions"}],"predecessor-version":[{"id":716,"href":"https:\/\/off-sailing.com\/hr\/wp-json\/wp\/v2\/pages\/439\/revisions\/716"}],"wp:featuredmedia":[{"embeddable":true,"href":"https:\/\/off-sailing.com\/hr\/wp-json\/wp\/v2\/media\/663"}],"wp:attachment":[{"href":"https:\/\/off-sailing.com\/hr\/wp-json\/wp\/v2\/media?parent=439"}],"curies":[{"name":"wp","href":"https:\/\/api.w.org\/{rel}","templated":true}]}}