{"id":570,"date":"2025-11-13T10:22:08","date_gmt":"2025-11-13T09:22:08","guid":{"rendered":"https:\/\/off-sailing.com\/off-race\/"},"modified":"2026-01-21T19:52:13","modified_gmt":"2026-01-21T18:52:13","slug":"off-race","status":"publish","type":"page","link":"https:\/\/off-sailing.com\/hr\/off-race\/","title":{"rendered":"Off Race"},"content":{"rendered":"<p><strong>Off Race<\/strong> program namijenjen je kandidatima koji \u017eele nau\u010diti o regatama i sudjelovati u njima.<\/p>\n<p>Sudionici u\u010de o <strong>startnim procedurama, pravilima, taktici i brzim promjenama jedara. Kao i uvijek, cilj je jedriti \u0161to br\u017ee uz maksimalnu kontrolu.<\/strong> <\/p>\n<p>Program se organizira pojedina\u010dno za svaku regatu, jer je svaka druga\u010dija. Naj\u010de\u0161\u0107e se sastoji od nekoliko dana treninga prije sudjelovanja na regati. Regate obi\u010dno traju jedan do dva dana \u2013 neke su tehni\u010dke, a druge navigacijske. Ovisno o vrsti regate, prilago\u0111avamo trajanje Off Race programa.   <\/p>\n<p><strong>Cijena \u2013 900 eura po osobi (maksimalno 6 osoba)<\/strong><\/p>\n<p><strong>UVJET<\/strong>: Off Basic ili odgovaraju\u0107a razina znanja<\/p>\n<p><em><strong>UKLJU\u010cENO<\/strong>: brod, instruktor, jedrili\u010darski program, kotizacija za regatu, turisti\u010dka pristojba, gorivo, posteljina i plahte, deka, prva ve\u010dera na brodu<\/em><\/p>\n<p><em>DODATNI TRO\u0160KOVI: hrana i pi\u0107e za posadu i instruktora tijekom programa jedrenja, potencijalni tro\u0161kovi marina\/javnih vezova\/bova za no\u0107enje.&nbsp;<\/em><\/p>\n<p><em><strong>OBAVEZNA OPREMA<\/strong>: Jedril\u010darsko odjelo (gornji i donji dio), \u010dizme, vre\u0107a za spavanje<\/em><\/p>\n","protected":false},"excerpt":{"rendered":"<p>Off Race program namijenjen je kandidatima koji \u017eele nau\u010diti o regatama i sudjelovati u njima. Sudionici u\u010de o startnim procedurama, pravilima, taktici i brzim promjenama jedara. Kao i uvijek, cilj je jedriti \u0161to br\u017ee uz maksimalnu kontrolu. Program se organizira pojedina\u010dno za svaku regatu, jer je svaka druga\u010dija. Naj\u010de\u0161\u0107e se sastoji od nekoliko dana treninga [&#8230;]<\/p>\n<p><a class=\"btn btn-secondary virtualna-read-more-link\" href=\"https:\/\/off-sailing.com\/hr\/off-race\/\">Read More&#8230;<span class=\"screen-reader-text\"> from Off Race<\/span><\/a><\/p>\n","protected":false},"author":1,"featured_media":406,"parent":0,"menu_order":0,"comment_status":"closed","ping_status":"closed","template":"page-templates\/single-page-left-sidebar.php","meta":{"ngg_post_thumbnail":0,"footnotes":""},"class_list":["post-570","page","type-page","status-publish","has-post-thumbnail","hentry"],"acf":[],"yoast_head":"<!-- This site is optimized with the Yoast SEO plugin v26.0 - https:\/\/yoast.com\/wordpress\/plugins\/seo\/ -->\n<title>Off Race - OFF School Sailing<\/title>\n<meta name=\"robots\" content=\"index, follow, max-snippet:-1, max-image-preview:large, max-video-preview:-1\" \/>\n<link rel=\"canonical\" href=\"https:\/\/off-sailing.com\/hr\/off-race\/\" \/>\n<meta property=\"og:locale\" content=\"hr_HR\" \/>\n<meta property=\"og:type\" content=\"article\" \/>\n<meta property=\"og:title\" content=\"Off Race - OFF School Sailing\" \/>\n<meta property=\"og:description\" content=\"Off Race program namijenjen je kandidatima koji \u017eele nau\u010diti o regatama i sudjelovati u njima. Sudionici u\u010de o startnim procedurama, pravilima, taktici i brzim promjenama jedara. Kao i uvijek, cilj je jedriti \u0161to br\u017ee uz maksimalnu kontrolu. Program se organizira pojedina\u010dno za svaku regatu, jer je svaka druga\u010dija. Naj\u010de\u0161\u0107e se sastoji od nekoliko dana treninga [...]Read More... from Off Race\" \/>\n<meta property=\"og:url\" content=\"https:\/\/off-sailing.com\/hr\/off-race\/\" \/>\n<meta property=\"og:site_name\" content=\"OFF School Sailing\" \/>\n<meta property=\"article:modified_time\" content=\"2026-01-21T18:52:13+00:00\" \/>\n<meta property=\"og:image\" content=\"https:\/\/off-sailing.com\/wp-content\/uploads\/2023\/07\/11-e1763034184914.jpg\" \/>\n\t<meta property=\"og:image:width\" content=\"2500\" \/>\n\t<meta property=\"og:image:height\" content=\"2500\" \/>\n\t<meta property=\"og:image:type\" content=\"image\/jpeg\" \/>\n<meta name=\"twitter:card\" content=\"summary_large_image\" \/>\n<meta name=\"twitter:label1\" content=\"Procijenjeno vrijeme \u010ditanja\" \/>\n\t<meta name=\"twitter:data1\" content=\"1 minuta\" \/>\n<script type=\"application\/ld+json\" class=\"yoast-schema-graph\">{\"@context\":\"https:\/\/schema.org\",\"@graph\":[{\"@type\":\"WebPage\",\"@id\":\"https:\/\/off-sailing.com\/hr\/off-race\/\",\"url\":\"https:\/\/off-sailing.com\/hr\/off-race\/\",\"name\":\"Off Race - OFF School Sailing\",\"isPartOf\":{\"@id\":\"https:\/\/off-sailing.com\/#website\"},\"primaryImageOfPage\":{\"@id\":\"https:\/\/off-sailing.com\/hr\/off-race\/#primaryimage\"},\"image\":{\"@id\":\"https:\/\/off-sailing.com\/hr\/off-race\/#primaryimage\"},\"thumbnailUrl\":\"https:\/\/off-sailing.com\/wp-content\/uploads\/2023\/07\/11-e1763034184914.jpg\",\"datePublished\":\"2025-11-13T09:22:08+00:00\",\"dateModified\":\"2026-01-21T18:52:13+00:00\",\"breadcrumb\":{\"@id\":\"https:\/\/off-sailing.com\/hr\/off-race\/#breadcrumb\"},\"inLanguage\":\"hr\",\"potentialAction\":[{\"@type\":\"ReadAction\",\"target\":[\"https:\/\/off-sailing.com\/hr\/off-race\/\"]}]},{\"@type\":\"ImageObject\",\"inLanguage\":\"hr\",\"@id\":\"https:\/\/off-sailing.com\/hr\/off-race\/#primaryimage\",\"url\":\"https:\/\/off-sailing.com\/wp-content\/uploads\/2023\/07\/11-e1763034184914.jpg\",\"contentUrl\":\"https:\/\/off-sailing.com\/wp-content\/uploads\/2023\/07\/11-e1763034184914.jpg\",\"width\":2500,\"height\":2500},{\"@type\":\"BreadcrumbList\",\"@id\":\"https:\/\/off-sailing.com\/hr\/off-race\/#breadcrumb\",\"itemListElement\":[{\"@type\":\"ListItem\",\"position\":1,\"name\":\"Home\",\"item\":\"https:\/\/off-sailing.com\/hr\/sailing-programs\/\"},{\"@type\":\"ListItem\",\"position\":2,\"name\":\"Off Race\"}]},{\"@type\":\"WebSite\",\"@id\":\"https:\/\/off-sailing.com\/#website\",\"url\":\"https:\/\/off-sailing.com\/\",\"name\":\"OFF School Sailing\",\"description\":\"\",\"publisher\":{\"@id\":\"https:\/\/off-sailing.com\/#organization\"},\"potentialAction\":[{\"@type\":\"SearchAction\",\"target\":{\"@type\":\"EntryPoint\",\"urlTemplate\":\"https:\/\/off-sailing.com\/?s={search_term_string}\"},\"query-input\":{\"@type\":\"PropertyValueSpecification\",\"valueRequired\":true,\"valueName\":\"search_term_string\"}}],\"inLanguage\":\"hr\"},{\"@type\":\"Organization\",\"@id\":\"https:\/\/off-sailing.com\/#organization\",\"name\":\"OFF School Sailing\",\"url\":\"https:\/\/off-sailing.com\/\",\"logo\":{\"@type\":\"ImageObject\",\"inLanguage\":\"hr\",\"@id\":\"https:\/\/off-sailing.com\/#\/schema\/logo\/image\/\",\"url\":\"http:\/\/off-sailing.com\/wp-content\/uploads\/2023\/05\/logo_off_web.png\",\"contentUrl\":\"http:\/\/off-sailing.com\/wp-content\/uploads\/2023\/05\/logo_off_web.png\",\"width\":8700,\"height\":7812,\"caption\":\"OFF School Sailing\"},\"image\":{\"@id\":\"https:\/\/off-sailing.com\/#\/schema\/logo\/image\/\"}}]}<\/script>\n<!-- \/ Yoast SEO plugin. -->","yoast_head_json":{"title":"Off Race - OFF School Sailing","robots":{"index":"index","follow":"follow","max-snippet":"max-snippet:-1","max-image-preview":"max-image-preview:large","max-video-preview":"max-video-preview:-1"},"canonical":"https:\/\/off-sailing.com\/hr\/off-race\/","og_locale":"hr_HR","og_type":"article","og_title":"Off Race - OFF School Sailing","og_description":"Off Race program namijenjen je kandidatima koji \u017eele nau\u010diti o regatama i sudjelovati u njima. Sudionici u\u010de o startnim procedurama, pravilima, taktici i brzim promjenama jedara. Kao i uvijek, cilj je jedriti \u0161to br\u017ee uz maksimalnu kontrolu. Program se organizira pojedina\u010dno za svaku regatu, jer je svaka druga\u010dija. Naj\u010de\u0161\u0107e se sastoji od nekoliko dana treninga [...]Read More... from Off Race","og_url":"https:\/\/off-sailing.com\/hr\/off-race\/","og_site_name":"OFF School Sailing","article_modified_time":"2026-01-21T18:52:13+00:00","og_image":[{"width":2500,"height":2500,"url":"https:\/\/off-sailing.com\/wp-content\/uploads\/2023\/07\/11-e1763034184914.jpg","type":"image\/jpeg"}],"twitter_card":"summary_large_image","twitter_misc":{"Procijenjeno vrijeme \u010ditanja":"1 minuta"},"schema":{"@context":"https:\/\/schema.org","@graph":[{"@type":"WebPage","@id":"https:\/\/off-sailing.com\/hr\/off-race\/","url":"https:\/\/off-sailing.com\/hr\/off-race\/","name":"Off Race - OFF School Sailing","isPartOf":{"@id":"https:\/\/off-sailing.com\/#website"},"primaryImageOfPage":{"@id":"https:\/\/off-sailing.com\/hr\/off-race\/#primaryimage"},"image":{"@id":"https:\/\/off-sailing.com\/hr\/off-race\/#primaryimage"},"thumbnailUrl":"https:\/\/off-sailing.com\/wp-content\/uploads\/2023\/07\/11-e1763034184914.jpg","datePublished":"2025-11-13T09:22:08+00:00","dateModified":"2026-01-21T18:52:13+00:00","breadcrumb":{"@id":"https:\/\/off-sailing.com\/hr\/off-race\/#breadcrumb"},"inLanguage":"hr","potentialAction":[{"@type":"ReadAction","target":["https:\/\/off-sailing.com\/hr\/off-race\/"]}]},{"@type":"ImageObject","inLanguage":"hr","@id":"https:\/\/off-sailing.com\/hr\/off-race\/#primaryimage","url":"https:\/\/off-sailing.com\/wp-content\/uploads\/2023\/07\/11-e1763034184914.jpg","contentUrl":"https:\/\/off-sailing.com\/wp-content\/uploads\/2023\/07\/11-e1763034184914.jpg","width":2500,"height":2500},{"@type":"BreadcrumbList","@id":"https:\/\/off-sailing.com\/hr\/off-race\/#breadcrumb","itemListElement":[{"@type":"ListItem","position":1,"name":"Home","item":"https:\/\/off-sailing.com\/hr\/sailing-programs\/"},{"@type":"ListItem","position":2,"name":"Off Race"}]},{"@type":"WebSite","@id":"https:\/\/off-sailing.com\/#website","url":"https:\/\/off-sailing.com\/","name":"OFF School Sailing","description":"","publisher":{"@id":"https:\/\/off-sailing.com\/#organization"},"potentialAction":[{"@type":"SearchAction","target":{"@type":"EntryPoint","urlTemplate":"https:\/\/off-sailing.com\/?s={search_term_string}"},"query-input":{"@type":"PropertyValueSpecification","valueRequired":true,"valueName":"search_term_string"}}],"inLanguage":"hr"},{"@type":"Organization","@id":"https:\/\/off-sailing.com\/#organization","name":"OFF School Sailing","url":"https:\/\/off-sailing.com\/","logo":{"@type":"ImageObject","inLanguage":"hr","@id":"https:\/\/off-sailing.com\/#\/schema\/logo\/image\/","url":"http:\/\/off-sailing.com\/wp-content\/uploads\/2023\/05\/logo_off_web.png","contentUrl":"http:\/\/off-sailing.com\/wp-content\/uploads\/2023\/05\/logo_off_web.png","width":8700,"height":7812,"caption":"OFF School Sailing"},"image":{"@id":"https:\/\/off-sailing.com\/#\/schema\/logo\/image\/"}}]}},"_links":{"self":[{"href":"https:\/\/off-sailing.com\/hr\/wp-json\/wp\/v2\/pages\/570","targetHints":{"allow":["GET"]}}],"collection":[{"href":"https:\/\/off-sailing.com\/hr\/wp-json\/wp\/v2\/pages"}],"about":[{"href":"https:\/\/off-sailing.com\/hr\/wp-json\/wp\/v2\/types\/page"}],"author":[{"embeddable":true,"href":"https:\/\/off-sailing.com\/hr\/wp-json\/wp\/v2\/users\/1"}],"replies":[{"embeddable":true,"href":"https:\/\/off-sailing.com\/hr\/wp-json\/wp\/v2\/comments?post=570"}],"version-history":[{"count":2,"href":"https:\/\/off-sailing.com\/hr\/wp-json\/wp\/v2\/pages\/570\/revisions"}],"predecessor-version":[{"id":701,"href":"https:\/\/off-sailing.com\/hr\/wp-json\/wp\/v2\/pages\/570\/revisions\/701"}],"wp:featuredmedia":[{"embeddable":true,"href":"https:\/\/off-sailing.com\/hr\/wp-json\/wp\/v2\/media\/406"}],"wp:attachment":[{"href":"https:\/\/off-sailing.com\/hr\/wp-json\/wp\/v2\/media?parent=570"}],"curies":[{"name":"wp","href":"https:\/\/api.w.org\/{rel}","templated":true}]}}